{"id":21,"date":"2024-12-19T11:32:27","date_gmt":"2024-12-19T03:32:27","guid":{"rendered":"https:\/\/woodobox.com\/?page_id=21"},"modified":"2024-12-21T17:28:48","modified_gmt":"2024-12-21T09:28:48","slug":"politica-de-privacidade","status":"publish","type":"page","link":"https:\/\/woodobox.com\/pt\/politica-de-privacidade\/","title":{"rendered":"Pol\u00edtica de privacidade"},"content":{"rendered":"<div data-elementor-type=\"wp-page\" data-elementor-id=\"21\" class=\"elementor elementor-21\" data-elementor-post-type=\"page\">\n\t\t\t\t<div class=\"elementor-element elementor-element-78ce7ec e-flex e-con-boxed e-con e-parent\" data-id=\"78ce7ec\" data-element_type=\"container\" data-e-type=\"container\" data-settings=\"{&quot;background_background&quot;:&quot;classic&quot;}\">\n\t\t\t\t\t<div class=\"e-con-inner\">\n\t\t<div class=\"elementor-element elementor-element-9dce3a9 e-con-full e-flex e-con e-child\" data-id=\"9dce3a9\" data-element_type=\"container\" data-e-type=\"container\" data-settings=\"{&quot;background_background&quot;:&quot;classic&quot;}\">\n\t\t\t\t<div class=\"elementor-element elementor-element-d200206 elementor-widget elementor-widget-heading\" data-id=\"d200206\" data-element_type=\"widget\" data-e-type=\"widget\" data-widget_type=\"heading.default\">\n\t\t\t\t\t<h1 class=\"elementor-heading-title elementor-size-default\">Pol\u00edtica de privacidade<\/h1>\t\t\t\t<\/div>\n\t\t\t\t<div class=\"elementor-element elementor-element-7a1c6e6 elementor-widget elementor-widget-heading\" data-id=\"7a1c6e6\" data-element_type=\"widget\" data-e-type=\"widget\" data-widget_type=\"heading.default\">\n\t\t\t\t\t<h2 class=\"elementor-heading-title elementor-size-default\">Introdu\u00e7\u00e3o<\/h2>\t\t\t\t<\/div>\n\t\t\t\t<div class=\"elementor-element elementor-element-0a8e574 elementor-widget elementor-widget-text-editor\" data-id=\"0a8e574\" data-element_type=\"widget\" data-e-type=\"widget\" data-widget_type=\"text-editor.default\">\n\t\t\t\t\t\t\t\t\t<p>Na WooDo, a sua privacidade \u00e9 uma prioridade m\u00e1xima. Esta Pol\u00edtica de Privacidade explica como recolhemos, utilizamos, divulgamos e protegemos as suas informa\u00e7\u00f5es quando visita o nosso s\u00edtio Web ou utiliza os nossos servi\u00e7os. Ao aceder ou utilizar o nosso site, o utilizador concorda com as pr\u00e1ticas descritas nesta pol\u00edtica.<\/p><p>Leia atentamente esta pol\u00edtica. Se n\u00e3o concordar com os termos, n\u00e3o aceda nem utilize os nossos servi\u00e7os.<\/p>\t\t\t\t\t\t\t\t<\/div>\n\t\t\t\t<div class=\"elementor-element elementor-element-1d020cd elementor-widget elementor-widget-heading\" data-id=\"1d020cd\" data-element_type=\"widget\" data-e-type=\"widget\" data-widget_type=\"heading.default\">\n\t\t\t\t\t<h2 class=\"elementor-heading-title elementor-size-default\">1. Informa\u00e7\u00f5es que recolhemos<\/h2>\t\t\t\t<\/div>\n\t\t\t\t<div class=\"elementor-element elementor-element-6f0946f elementor-widget elementor-widget-text-editor\" data-id=\"6f0946f\" data-element_type=\"widget\" data-e-type=\"widget\" data-widget_type=\"text-editor.default\">\n\t\t\t\t\t\t\t\t\t<p>Recolhemos v\u00e1rios tipos de informa\u00e7\u00f5es para fornecer e melhorar os nossos servi\u00e7os ao utilizador.<\/p>\t\t\t\t\t\t\t\t<\/div>\n\t\t\t\t<div class=\"elementor-element elementor-element-853e0de elementor-widget elementor-widget-heading\" data-id=\"853e0de\" data-element_type=\"widget\" data-e-type=\"widget\" data-widget_type=\"heading.default\">\n\t\t\t\t\t<h4 class=\"elementor-heading-title elementor-size-default\">1.1 Informa\u00e7\u00f5es pessoais<\/h4>\t\t\t\t<\/div>\n\t\t\t\t<div class=\"elementor-element elementor-element-aa2f1e8 elementor-widget elementor-widget-text-editor\" data-id=\"aa2f1e8\" data-element_type=\"widget\" data-e-type=\"widget\" data-widget_type=\"text-editor.default\">\n\t\t\t\t\t\t\t\t\t<p>Quando o utilizador interage connosco, podemos recolher informa\u00e7\u00f5es pessoais que o utilizador fornece voluntariamente, tais como<\/p><ul><li>Nome<\/li><li>Endere\u00e7o de correio eletr\u00f3nico<\/li><li>N\u00famero de telefone<\/li><li>Informa\u00e7\u00f5es de fatura\u00e7\u00e3o (se aplic\u00e1vel)<\/li><\/ul>\t\t\t\t\t\t\t\t<\/div>\n\t\t\t\t<div class=\"elementor-element elementor-element-14858a7 elementor-widget elementor-widget-heading\" data-id=\"14858a7\" data-element_type=\"widget\" data-e-type=\"widget\" data-widget_type=\"heading.default\">\n\t\t\t\t\t<h4 class=\"elementor-heading-title elementor-size-default\">1.2 Dados de utiliza\u00e7\u00e3o<\/h4>\t\t\t\t<\/div>\n\t\t\t\t<div class=\"elementor-element elementor-element-2eb63d2 elementor-widget elementor-widget-text-editor\" data-id=\"2eb63d2\" data-element_type=\"widget\" data-e-type=\"widget\" data-widget_type=\"text-editor.default\">\n\t\t\t\t\t\t\t\t\t<p>Recolhemos informa\u00e7\u00f5es sobre a forma como o utilizador acede e utiliza o nosso s\u00edtio Web, tais como<\/p><ul><li>O seu endere\u00e7o IP<\/li><li>Tipo e vers\u00e3o do navegador<\/li><li>Hora e data da visita<\/li><li>P\u00e1ginas visualizadas<\/li><li>O tempo passado nessas p\u00e1ginas<\/li><li>S\u00edtio de refer\u00eancia (se aplic\u00e1vel)<\/li><\/ul>\t\t\t\t\t\t\t\t<\/div>\n\t\t\t\t<div class=\"elementor-element elementor-element-7980848 elementor-widget elementor-widget-heading\" data-id=\"7980848\" data-element_type=\"widget\" data-e-type=\"widget\" data-widget_type=\"heading.default\">\n\t\t\t\t\t<h4 class=\"elementor-heading-title elementor-size-default\">1.3 Cookies e tecnologias de rastreio<\/h4>\t\t\t\t<\/div>\n\t\t\t\t<div class=\"elementor-element elementor-element-621e926 elementor-widget elementor-widget-text-editor\" data-id=\"621e926\" data-element_type=\"widget\" data-e-type=\"widget\" data-widget_type=\"text-editor.default\">\n\t\t\t\t\t\t\t\t\t<p>Utilizamos cookies e tecnologias de rastreio semelhantes para monitorizar a atividade no nosso s\u00edtio Web e recolher determinadas informa\u00e7\u00f5es. Para mais pormenores sobre a forma como utilizamos os cookies, consulte a nossa <a href=\"#\" rel=\"noopener\">Pol\u00edtica de cookies<\/a>.<\/p>\t\t\t\t\t\t\t\t<\/div>\n\t\t\t\t<div class=\"elementor-element elementor-element-b2fde95 elementor-widget elementor-widget-heading\" data-id=\"b2fde95\" data-element_type=\"widget\" data-e-type=\"widget\" data-widget_type=\"heading.default\">\n\t\t\t\t\t<h2 class=\"elementor-heading-title elementor-size-default\">2. Como utilizamos as suas informa\u00e7\u00f5es<\/h2>\t\t\t\t<\/div>\n\t\t\t\t<div class=\"elementor-element elementor-element-5314c50 elementor-widget elementor-widget-text-editor\" data-id=\"5314c50\" data-element_type=\"widget\" data-e-type=\"widget\" data-widget_type=\"text-editor.default\">\n\t\t\t\t\t\t\t\t\t<p>Utilizamos as informa\u00e7\u00f5es que recolhemos de v\u00e1rias formas para fornecer e melhorar os nossos servi\u00e7os:<\/p>\t\t\t\t\t\t\t\t<\/div>\n\t\t\t\t<div class=\"elementor-element elementor-element-4648cd4 elementor-widget elementor-widget-heading\" data-id=\"4648cd4\" data-element_type=\"widget\" data-e-type=\"widget\" data-widget_type=\"heading.default\">\n\t\t\t\t\t<h4 class=\"elementor-heading-title elementor-size-default\">2.1 Presta\u00e7\u00e3o de servi\u00e7os<\/h4>\t\t\t\t<\/div>\n\t\t\t\t<div class=\"elementor-element elementor-element-91e8610 elementor-widget elementor-widget-text-editor\" data-id=\"91e8610\" data-element_type=\"widget\" data-e-type=\"widget\" data-widget_type=\"text-editor.default\">\n\t\t\t\t\t\t\t\t\t<ul><li>Processar os seus pedidos e encomendas<\/li><li>Comunicar com o utilizador sobre os nossos servi\u00e7os ou responder a pedidos de informa\u00e7\u00e3o<\/li><\/ul>\t\t\t\t\t\t\t\t<\/div>\n\t\t\t\t<div class=\"elementor-element elementor-element-5a40551 elementor-widget elementor-widget-heading\" data-id=\"5a40551\" data-element_type=\"widget\" data-e-type=\"widget\" data-widget_type=\"heading.default\">\n\t\t\t\t\t<h4 class=\"elementor-heading-title elementor-size-default\">2.2 Para an\u00e1lises e melhorias<\/h4>\t\t\t\t<\/div>\n\t\t\t\t<div class=\"elementor-element elementor-element-dbed1e2 elementor-widget elementor-widget-text-editor\" data-id=\"dbed1e2\" data-element_type=\"widget\" data-e-type=\"widget\" data-widget_type=\"text-editor.default\">\n\t\t\t\t\t\t\t\t\t<ul><li>Analisar o tr\u00e1fego do s\u00edtio Web e o comportamento dos utilizadores para melhorar os nossos conte\u00fados e servi\u00e7os<\/li><li>Assegurar que o s\u00edtio Web funciona de forma eficiente e \u00e9 seguro<\/li><\/ul>\t\t\t\t\t\t\t\t<\/div>\n\t\t\t\t<div class=\"elementor-element elementor-element-4429438 elementor-widget elementor-widget-heading\" data-id=\"4429438\" data-element_type=\"widget\" data-e-type=\"widget\" data-widget_type=\"heading.default\">\n\t\t\t\t\t<h4 class=\"elementor-heading-title elementor-size-default\">2.3 Para fins de marketing<\/h4>\t\t\t\t<\/div>\n\t\t\t\t<div class=\"elementor-element elementor-element-4b496ba elementor-widget elementor-widget-text-editor\" data-id=\"4b496ba\" data-element_type=\"widget\" data-e-type=\"widget\" data-widget_type=\"text-editor.default\">\n\t\t\t\t\t\t\t\t\t<ul><li>Enviar-lhe boletins informativos, e-mails promocionais ou outros materiais de marketing, mas apenas se o utilizador tiver optado por receb\u00ea-los<\/li><li>Personalizar a publicidade e os conte\u00fados para os tornar mais relevantes para o utilizador<\/li><\/ul>\t\t\t\t\t\t\t\t<\/div>\n\t\t\t\t<div class=\"elementor-element elementor-element-bfb6536 elementor-widget elementor-widget-heading\" data-id=\"bfb6536\" data-element_type=\"widget\" data-e-type=\"widget\" data-widget_type=\"heading.default\">\n\t\t\t\t\t<h4 class=\"elementor-heading-title elementor-size-default\">2.4 Conformidade legal<\/h4>\t\t\t\t<\/div>\n\t\t\t\t<div class=\"elementor-element elementor-element-19b2ebd elementor-widget elementor-widget-text-editor\" data-id=\"19b2ebd\" data-element_type=\"widget\" data-e-type=\"widget\" data-widget_type=\"text-editor.default\">\n\t\t\t\t\t\t\t\t\t<ul><li>Cumprir as leis, regulamentos e processos legais aplic\u00e1veis<\/li><li>Aplicar os nossos Termos de Servi\u00e7o e Pol\u00edtica de Privacidade<\/li><\/ul>\t\t\t\t\t\t\t\t<\/div>\n\t\t\t\t<div class=\"elementor-element elementor-element-f06e8ca elementor-widget elementor-widget-heading\" data-id=\"f06e8ca\" data-element_type=\"widget\" data-e-type=\"widget\" data-widget_type=\"heading.default\">\n\t\t\t\t\t<h2 class=\"elementor-heading-title elementor-size-default\">3. Como partilhamos as suas informa\u00e7\u00f5es<\/h2>\t\t\t\t<\/div>\n\t\t\t\t<div class=\"elementor-element elementor-element-524fe57 elementor-widget elementor-widget-text-editor\" data-id=\"524fe57\" data-element_type=\"widget\" data-e-type=\"widget\" data-widget_type=\"text-editor.default\">\n\t\t\t\t\t\t\t\t\t<p>N\u00e3o vendemos as suas informa\u00e7\u00f5es pessoais. No entanto, podemos partilhar as suas informa\u00e7\u00f5es das seguintes formas<\/p>\t\t\t\t\t\t\t\t<\/div>\n\t\t\t\t<div class=\"elementor-element elementor-element-857ba24 elementor-widget elementor-widget-heading\" data-id=\"857ba24\" data-element_type=\"widget\" data-e-type=\"widget\" data-widget_type=\"heading.default\">\n\t\t\t\t\t<h4 class=\"elementor-heading-title elementor-size-default\">3.1 Com os prestadores de servi\u00e7os<\/h4>\t\t\t\t<\/div>\n\t\t\t\t<div class=\"elementor-element elementor-element-c8e5943 elementor-widget elementor-widget-text-editor\" data-id=\"c8e5943\" data-element_type=\"widget\" data-e-type=\"widget\" data-widget_type=\"text-editor.default\">\n\t\t\t\t\t\t\t\t\t<p>Podemos partilhar as suas informa\u00e7\u00f5es com fornecedores de servi\u00e7os terceiros de confian\u00e7a que nos ajudam a operar o nosso s\u00edtio Web, processar pagamentos, analisar dados e executar outras fun\u00e7\u00f5es necess\u00e1rias aos nossos servi\u00e7os. Estas partes est\u00e3o vinculadas por acordos de confidencialidade e apenas utilizam os dados do utilizador conforme necess\u00e1rio para prestar os seus servi\u00e7os.<\/p>\t\t\t\t\t\t\t\t<\/div>\n\t\t\t\t<div class=\"elementor-element elementor-element-da83232 elementor-widget elementor-widget-heading\" data-id=\"da83232\" data-element_type=\"widget\" data-e-type=\"widget\" data-widget_type=\"heading.default\">\n\t\t\t\t\t<h4 class=\"elementor-heading-title elementor-size-default\">3.2 Por raz\u00f5es jur\u00eddicas<\/h4>\t\t\t\t<\/div>\n\t\t\t\t<div class=\"elementor-element elementor-element-29ded47 elementor-widget elementor-widget-text-editor\" data-id=\"29ded47\" data-element_type=\"widget\" data-e-type=\"widget\" data-widget_type=\"text-editor.default\">\n\t\t\t\t\t\t\t\t\t<p>Podemos divulgar as suas informa\u00e7\u00f5es se tal for exigido por lei ou em resposta a pedidos v\u00e1lidos de autoridades p\u00fablicas (por exemplo, tribunais ou ag\u00eancias governamentais).<\/p>\t\t\t\t\t\t\t\t<\/div>\n\t\t\t\t<div class=\"elementor-element elementor-element-951d32c elementor-widget elementor-widget-heading\" data-id=\"951d32c\" data-element_type=\"widget\" data-e-type=\"widget\" data-widget_type=\"heading.default\">\n\t\t\t\t\t<h4 class=\"elementor-heading-title elementor-size-default\">3.3 Transfer\u00eancias de empresas<\/h4>\t\t\t\t<\/div>\n\t\t\t\t<div class=\"elementor-element elementor-element-2bdbb72 elementor-widget elementor-widget-text-editor\" data-id=\"2bdbb72\" data-element_type=\"widget\" data-e-type=\"widget\" data-widget_type=\"text-editor.default\">\n\t\t\t\t\t\t\t\t\t<p>No caso de uma fus\u00e3o, aquisi\u00e7\u00e3o ou venda da totalidade ou de parte da nossa atividade, as suas informa\u00e7\u00f5es podem ser transferidas como parte dessa transa\u00e7\u00e3o. Notific\u00e1-lo-emos de tal mudan\u00e7a de propriedade ou controlo dos seus dados pessoais.<\/p>\t\t\t\t\t\t\t\t<\/div>\n\t\t\t\t<div class=\"elementor-element elementor-element-1cf9bd4 elementor-widget elementor-widget-heading\" data-id=\"1cf9bd4\" data-element_type=\"widget\" data-e-type=\"widget\" data-widget_type=\"heading.default\">\n\t\t\t\t\t<h2 class=\"elementor-heading-title elementor-size-default\">4. Como protegemos as suas informa\u00e7\u00f5es<\/h2>\t\t\t\t<\/div>\n\t\t\t\t<div class=\"elementor-element elementor-element-1fb3592 elementor-widget elementor-widget-text-editor\" data-id=\"1fb3592\" data-element_type=\"widget\" data-e-type=\"widget\" data-widget_type=\"text-editor.default\">\n\t\t\t\t\t\t\t\t\t<p>Levamos a s\u00e9rio a seguran\u00e7a das suas informa\u00e7\u00f5es pessoais. Utilizamos medidas de seguran\u00e7a administrativas, t\u00e9cnicas e f\u00edsicas para proteger os seus dados contra acesso, utiliza\u00e7\u00e3o ou divulga\u00e7\u00e3o n\u00e3o autorizados. No entanto, nenhum m\u00e9todo de transmiss\u00e3o atrav\u00e9s da Internet ou de armazenamento eletr\u00f3nico \u00e9 100% seguro e n\u00e3o podemos garantir uma seguran\u00e7a absoluta.<\/p>\t\t\t\t\t\t\t\t<\/div>\n\t\t\t\t<div class=\"elementor-element elementor-element-755a31e elementor-widget elementor-widget-heading\" data-id=\"755a31e\" data-element_type=\"widget\" data-e-type=\"widget\" data-widget_type=\"heading.default\">\n\t\t\t\t\t<h2 class=\"elementor-heading-title elementor-size-default\">5. Os seus direitos em mat\u00e9ria de dados<\/h2>\t\t\t\t<\/div>\n\t\t\t\t<div class=\"elementor-element elementor-element-4681a05 elementor-widget elementor-widget-text-editor\" data-id=\"4681a05\" data-element_type=\"widget\" data-e-type=\"widget\" data-widget_type=\"text-editor.default\">\n\t\t\t\t\t\t\t\t\t<p>Dependendo da sua localiza\u00e7\u00e3o, o utilizador pode ter determinados direitos sobre os seus dados pessoais. Estes direitos podem incluir:<\/p>\t\t\t\t\t\t\t\t<\/div>\n\t\t\t\t<div class=\"elementor-element elementor-element-e4e3bfa elementor-widget elementor-widget-heading\" data-id=\"e4e3bfa\" data-element_type=\"widget\" data-e-type=\"widget\" data-widget_type=\"heading.default\">\n\t\t\t\t\t<h4 class=\"elementor-heading-title elementor-size-default\">5.1 Acesso e corre\u00e7\u00e3o<\/h4>\t\t\t\t<\/div>\n\t\t\t\t<div class=\"elementor-element elementor-element-f94d4cb elementor-widget elementor-widget-text-editor\" data-id=\"f94d4cb\" data-element_type=\"widget\" data-e-type=\"widget\" data-widget_type=\"text-editor.default\">\n\t\t\t\t\t\t\t\t\t<p>Tem o direito de pedir uma c\u00f3pia dos dados pessoais que temos sobre si e de pedir correc\u00e7\u00f5es se houver inexactid\u00f5es.<\/p>\t\t\t\t\t\t\t\t<\/div>\n\t\t\t\t<div class=\"elementor-element elementor-element-da095d8 elementor-widget elementor-widget-heading\" data-id=\"da095d8\" data-element_type=\"widget\" data-e-type=\"widget\" data-widget_type=\"heading.default\">\n\t\t\t\t\t<h4 class=\"elementor-heading-title elementor-size-default\">5.2 Elimina\u00e7\u00e3o (direito a ser esquecido)<\/h4>\t\t\t\t<\/div>\n\t\t\t\t<div class=\"elementor-element elementor-element-0447a24 elementor-widget elementor-widget-text-editor\" data-id=\"0447a24\" data-element_type=\"widget\" data-e-type=\"widget\" data-widget_type=\"text-editor.default\">\n\t\t\t\t\t\t\t\t\t<p>O utilizador pode solicitar a elimina\u00e7\u00e3o dos seus dados pessoais, desde que n\u00e3o existam obriga\u00e7\u00f5es legais que nos obriguem a conserv\u00e1-los.<\/p>\t\t\t\t\t\t\t\t<\/div>\n\t\t\t\t<div class=\"elementor-element elementor-element-25f99ff elementor-widget elementor-widget-heading\" data-id=\"25f99ff\" data-element_type=\"widget\" data-e-type=\"widget\" data-widget_type=\"heading.default\">\n\t\t\t\t\t<h4 class=\"elementor-heading-title elementor-size-default\">5.3 Portabilidade dos dados<\/h4>\t\t\t\t<\/div>\n\t\t\t\t<div class=\"elementor-element elementor-element-708ca8a elementor-widget elementor-widget-text-editor\" data-id=\"708ca8a\" data-element_type=\"widget\" data-e-type=\"widget\" data-widget_type=\"text-editor.default\">\n\t\t\t\t\t\t\t\t\t<p>O utilizador tem o direito de solicitar a transfer\u00eancia dos seus dados para outro respons\u00e1vel pelo tratamento de dados, sempre que poss\u00edvel.<\/p>\t\t\t\t\t\t\t\t<\/div>\n\t\t\t\t<div class=\"elementor-element elementor-element-3cd57ed elementor-widget elementor-widget-heading\" data-id=\"3cd57ed\" data-element_type=\"widget\" data-e-type=\"widget\" data-widget_type=\"heading.default\">\n\t\t\t\t\t<h4 class=\"elementor-heading-title elementor-size-default\">5.4 Cancelamento das comunica\u00e7\u00f5es de marketing<\/h4>\t\t\t\t<\/div>\n\t\t\t\t<div class=\"elementor-element elementor-element-a3cfadd elementor-widget elementor-widget-text-editor\" data-id=\"a3cfadd\" data-element_type=\"widget\" data-e-type=\"widget\" data-widget_type=\"text-editor.default\">\n\t\t\t\t\t\t\t\t\t<p>Pode anular a subscri\u00e7\u00e3o de e-mails de marketing ou outras comunica\u00e7\u00f5es em qualquer altura, seguindo a liga\u00e7\u00e3o de anula\u00e7\u00e3o da subscri\u00e7\u00e3o no e-mail ou contactando-nos diretamente.<\/p>\t\t\t\t\t\t\t\t<\/div>\n\t\t\t\t<div class=\"elementor-element elementor-element-7aa9fdc elementor-widget elementor-widget-heading\" data-id=\"7aa9fdc\" data-element_type=\"widget\" data-e-type=\"widget\" data-widget_type=\"heading.default\">\n\t\t\t\t\t<h2 class=\"elementor-heading-title elementor-size-default\">6. Liga\u00e7\u00f5es de terceiros<\/h2>\t\t\t\t<\/div>\n\t\t\t\t<div class=\"elementor-element elementor-element-115d919 elementor-widget elementor-widget-text-editor\" data-id=\"115d919\" data-element_type=\"widget\" data-e-type=\"widget\" data-widget_type=\"text-editor.default\">\n\t\t\t\t\t\t\t\t\t<p>O nosso s\u00edtio Web pode conter liga\u00e7\u00f5es para outros s\u00edtios Web que n\u00e3o s\u00e3o geridos por n\u00f3s. Se clicar numa liga\u00e7\u00e3o de terceiros, ser\u00e1 direcionado para esse s\u00edtio Web. Aconselhamos vivamente o utilizador a rever as pol\u00edticas de privacidade de quaisquer sites ou servi\u00e7os de terceiros que visite. N\u00e3o somos respons\u00e1veis pelo conte\u00fado, pr\u00e1ticas de privacidade ou qualquer outro aspeto dos s\u00edtios Web de terceiros.<\/p>\t\t\t\t\t\t\t\t<\/div>\n\t\t\t\t<div class=\"elementor-element elementor-element-289cce8 elementor-widget elementor-widget-heading\" data-id=\"289cce8\" data-element_type=\"widget\" data-e-type=\"widget\" data-widget_type=\"heading.default\">\n\t\t\t\t\t<h2 class=\"elementor-heading-title elementor-size-default\">7. Privacidade das crian\u00e7as<\/h2>\t\t\t\t<\/div>\n\t\t\t\t<div class=\"elementor-element elementor-element-aeb21f2 elementor-widget elementor-widget-text-editor\" data-id=\"aeb21f2\" data-element_type=\"widget\" data-e-type=\"widget\" data-widget_type=\"text-editor.default\">\n\t\t\t\t\t\t\t\t\t<p>Os nossos servi\u00e7os n\u00e3o se destinam a indiv\u00edduos com idade inferior a 13 anos e n\u00e3o recolhemos intencionalmente informa\u00e7\u00f5es pessoais de crian\u00e7as com idade inferior a 13 anos. Se descobrirmos que uma crian\u00e7a com menos de 13 anos nos forneceu dados pessoais, apag\u00e1-los-emos imediatamente.<\/p>\t\t\t\t\t\t\t\t<\/div>\n\t\t\t\t<div class=\"elementor-element elementor-element-5c5c3fb elementor-widget elementor-widget-heading\" data-id=\"5c5c3fb\" data-element_type=\"widget\" data-e-type=\"widget\" data-widget_type=\"heading.default\">\n\t\t\t\t\t<h2 class=\"elementor-heading-title elementor-size-default\">8. Altera\u00e7\u00f5es \u00e0 presente pol\u00edtica de privacidade<\/h2>\t\t\t\t<\/div>\n\t\t\t\t<div class=\"elementor-element elementor-element-4ac6917 elementor-widget elementor-widget-text-editor\" data-id=\"4ac6917\" data-element_type=\"widget\" data-e-type=\"widget\" data-widget_type=\"text-editor.default\">\n\t\t\t\t\t\t\t\t\t<p>Poderemos atualizar a nossa Pol\u00edtica de Privacidade periodicamente para refletir altera\u00e7\u00f5es nas nossas pr\u00e1ticas ou requisitos legais. Quaisquer altera\u00e7\u00f5es ser\u00e3o publicadas nesta p\u00e1gina e a data da \u00faltima revis\u00e3o ser\u00e1 actualizada no topo desta pol\u00edtica. Aconselhamos o utilizador a rever periodicamente esta pol\u00edtica para verificar se existem actualiza\u00e7\u00f5es.<\/p>\t\t\t\t\t\t\t\t<\/div>\n\t\t\t\t<div class=\"elementor-element elementor-element-569dc2d elementor-widget elementor-widget-heading\" data-id=\"569dc2d\" data-element_type=\"widget\" data-e-type=\"widget\" data-widget_type=\"heading.default\">\n\t\t\t\t\t<h2 class=\"elementor-heading-title elementor-size-default\">9. Contactar-nos<\/h2>\t\t\t\t<\/div>\n\t\t\t\t<div class=\"elementor-element elementor-element-73ef74c elementor-widget elementor-widget-text-editor\" data-id=\"73ef74c\" data-element_type=\"widget\" data-e-type=\"widget\" data-widget_type=\"text-editor.default\">\n\t\t\t\t\t\t\t\t\t<p>Se tiver alguma quest\u00e3o ou d\u00favida sobre esta Pol\u00edtica de Privacidade ou sobre a forma como tratamos os seus dados, contacte-nos atrav\u00e9s de<\/p><p><strong>Equipa de suporte da WooDo<\/strong><br \/>Correio eletr\u00f3nico: <a rel=\"noopener\">info@woodobox.com<\/a><\/p>\t\t\t\t\t\t\t\t<\/div>\n\t\t\t\t<\/div>\n\t\t\t\t\t<\/div>\n\t\t\t\t<\/div>\n\t\t\t\t<\/div>","protected":false},"excerpt":{"rendered":"<p>Privacy Policy Introduction At WooDo, your privacy is a top priority. This Privacy Policy explains how we collect, use, disclose, and safeguard your information when you visit our website or use our services. By accessing or using our site, you agree to the practices outlined in this policy. Please take the time to review this [&hellip;]<\/p>","protected":false},"author":1,"featured_media":0,"parent":0,"menu_order":0,"comment_status":"closed","ping_status":"closed","template":"","meta":{"_seopress_robots_primary_cat":"","_seopress_titles_title":"","_seopress_titles_desc":"","_seopress_robots_index":"","footnotes":""},"class_list":["post-21","page","type-page","status-publish","hentry"],"_links":{"self":[{"href":"https:\/\/woodobox.com\/pt\/wp-json\/wp\/v2\/pages\/21","targetHints":{"allow":["GET"]}}],"collection":[{"href":"https:\/\/woodobox.com\/pt\/wp-json\/wp\/v2\/pages"}],"about":[{"href":"https:\/\/woodobox.com\/pt\/wp-json\/wp\/v2\/types\/page"}],"author":[{"embeddable":true,"href":"https:\/\/woodobox.com\/pt\/wp-json\/wp\/v2\/users\/1"}],"replies":[{"embeddable":true,"href":"https:\/\/woodobox.com\/pt\/wp-json\/wp\/v2\/comments?post=21"}],"version-history":[{"count":7,"href":"https:\/\/woodobox.com\/pt\/wp-json\/wp\/v2\/pages\/21\/revisions"}],"predecessor-version":[{"id":388,"href":"https:\/\/woodobox.com\/pt\/wp-json\/wp\/v2\/pages\/21\/revisions\/388"}],"wp:attachment":[{"href":"https:\/\/woodobox.com\/pt\/wp-json\/wp\/v2\/media?parent=21"}],"curies":[{"name":"wp","href":"https:\/\/api.w.org\/{rel}","templated":true}]}}