{"id":25,"date":"2024-12-19T11:32:46","date_gmt":"2024-12-19T03:32:46","guid":{"rendered":"https:\/\/woodobox.com\/?page_id=25"},"modified":"2024-12-21T17:46:27","modified_gmt":"2024-12-21T09:46:27","slug":"terms-of-service","status":"publish","type":"page","link":"https:\/\/woodobox.com\/fr\/terms-of-service\/","title":{"rendered":"Conditions d'utilisation"},"content":{"rendered":"<div data-elementor-type=\"wp-page\" data-elementor-id=\"25\" class=\"elementor elementor-25\" data-elementor-post-type=\"page\">\n\t\t\t\t<div class=\"elementor-element elementor-element-0f326ae e-flex e-con-boxed e-con e-parent\" data-id=\"0f326ae\" data-element_type=\"container\" data-e-type=\"container\" data-settings=\"{&quot;background_background&quot;:&quot;classic&quot;}\">\n\t\t\t\t\t<div class=\"e-con-inner\">\n\t\t<div class=\"elementor-element elementor-element-5c47798 e-con-full e-flex e-con e-child\" data-id=\"5c47798\" data-element_type=\"container\" data-e-type=\"container\" data-settings=\"{&quot;background_background&quot;:&quot;classic&quot;}\">\n\t\t\t\t<div class=\"elementor-element elementor-element-17c3ba8 elementor-widget elementor-widget-heading\" data-id=\"17c3ba8\" data-element_type=\"widget\" data-e-type=\"widget\" data-widget_type=\"heading.default\">\n\t\t\t\t\t<h1 class=\"elementor-heading-title elementor-size-default\">Conditions d'utilisation<\/h1>\t\t\t\t<\/div>\n\t\t\t\t<div class=\"elementor-element elementor-element-6c51de4 elementor-widget elementor-widget-text-editor\" data-id=\"6c51de4\" data-element_type=\"widget\" data-e-type=\"widget\" data-widget_type=\"text-editor.default\">\n\t\t\t\t\t\t\t\t\t<p>Bienvenue sur WooDo ! Les pr\u00e9sentes Conditions d'utilisation (\"Conditions\") r\u00e9gissent votre acc\u00e8s et votre utilisation du site Web, des services et des ressources de WooDo. En utilisant notre site web, vous acceptez de vous conformer et d'\u00eatre li\u00e9 par ces Conditions. Si vous n'\u00eates pas d'accord avec l'une ou l'autre partie de ces Conditions, veuillez ne pas utiliser nos services.<\/p><p>Veuillez lire attentivement ces conditions.<\/p>\t\t\t\t\t\t\t\t<\/div>\n\t\t\t\t<div class=\"elementor-element elementor-element-e9dd5f2 elementor-widget elementor-widget-heading\" data-id=\"e9dd5f2\" data-element_type=\"widget\" data-e-type=\"widget\" data-widget_type=\"heading.default\">\n\t\t\t\t\t<h3 class=\"elementor-heading-title elementor-size-default\">1. Acceptation des conditions<\/h3>\t\t\t\t<\/div>\n\t\t\t\t<div class=\"elementor-element elementor-element-02b1b30 elementor-widget elementor-widget-text-editor\" data-id=\"02b1b30\" data-element_type=\"widget\" data-e-type=\"widget\" data-widget_type=\"text-editor.default\">\n\t\t\t\t\t\t\t\t\t<p>En acc\u00e9dant ou en utilisant le site Web de WooDo ou l'un de ses services, vous acceptez d'\u00eatre li\u00e9 par les pr\u00e9sentes conditions, ainsi que par notre politique de confidentialit\u00e9. <a href=\"#\" rel=\"noopener\">Politique de confidentialit\u00e9<\/a> et <a href=\"#\" rel=\"noopener\">Politique en mati\u00e8re de cookies<\/a>. Les pr\u00e9sentes conditions s'appliquent \u00e0 tous les visiteurs, utilisateurs et autres personnes qui acc\u00e8dent au service ou l'utilisent.<\/p>\t\t\t\t\t\t\t\t<\/div>\n\t\t\t\t<div class=\"elementor-element elementor-element-c19c3e5 elementor-widget elementor-widget-heading\" data-id=\"c19c3e5\" data-element_type=\"widget\" data-e-type=\"widget\" data-widget_type=\"heading.default\">\n\t\t\t\t\t<h3 class=\"elementor-heading-title elementor-size-default\">2. Modifications des conditions<\/h3>\t\t\t\t<\/div>\n\t\t\t\t<div class=\"elementor-element elementor-element-51f3c32 elementor-widget elementor-widget-text-editor\" data-id=\"51f3c32\" data-element_type=\"widget\" data-e-type=\"widget\" data-widget_type=\"text-editor.default\">\n\t\t\t\t\t\t\t\t\t<p>WooDo se r\u00e9serve le droit de mettre \u00e0 jour ou de modifier ces Conditions \u00e0 tout moment et sans pr\u00e9avis. Toute modification sera affich\u00e9e sur cette page, avec la date de mise \u00e0 jour indiqu\u00e9e en haut. La poursuite de l'utilisation du site web apr\u00e8s de telles modifications constitue votre acceptation des nouvelles Conditions.<\/p>\t\t\t\t\t\t\t\t<\/div>\n\t\t\t\t<div class=\"elementor-element elementor-element-7c0911d elementor-widget elementor-widget-heading\" data-id=\"7c0911d\" data-element_type=\"widget\" data-e-type=\"widget\" data-widget_type=\"heading.default\">\n\t\t\t\t\t<h3 class=\"elementor-heading-title elementor-size-default\">3. Utilisation des services<\/h3>\t\t\t\t<\/div>\n\t\t\t\t<div class=\"elementor-element elementor-element-74156ab elementor-widget elementor-widget-heading\" data-id=\"74156ab\" data-element_type=\"widget\" data-e-type=\"widget\" data-widget_type=\"heading.default\">\n\t\t\t\t\t<h5 class=\"elementor-heading-title elementor-size-default\">3.1 \u00c9ligibilit\u00e9<\/h5>\t\t\t\t<\/div>\n\t\t\t\t<div class=\"elementor-element elementor-element-09d7860 elementor-widget elementor-widget-text-editor\" data-id=\"09d7860\" data-element_type=\"widget\" data-e-type=\"widget\" data-widget_type=\"text-editor.default\">\n\t\t\t\t\t\t\t\t\t<p>Vous devez \u00eatre \u00e2g\u00e9 d'au moins 13 ans pour acc\u00e9der ou utiliser le site Web et les services de WooDo. En utilisant nos services, vous d\u00e9clarez et garantissez que vous avez 13 ans ou plus et que vous avez l'autorit\u00e9 l\u00e9gale pour conclure ces Conditions.<\/p>\t\t\t\t\t\t\t\t<\/div>\n\t\t\t\t<div class=\"elementor-element elementor-element-b565e19 elementor-widget elementor-widget-heading\" data-id=\"b565e19\" data-element_type=\"widget\" data-e-type=\"widget\" data-widget_type=\"heading.default\">\n\t\t\t\t\t<h5 class=\"elementor-heading-title elementor-size-default\">3.2 Utilisation autoris\u00e9e<\/h5>\t\t\t\t<\/div>\n\t\t\t\t<div class=\"elementor-element elementor-element-d9b9b6c elementor-widget elementor-widget-text-editor\" data-id=\"d9b9b6c\" data-element_type=\"widget\" data-e-type=\"widget\" data-widget_type=\"text-editor.default\">\n\t\t\t\t\t\t\t\t\t<p>Vous ne pouvez utiliser le site web et les services qu'\u00e0 des fins \u00e9ducatives et dans le cadre d'activit\u00e9s l\u00e9gales. Vous vous engagez \u00e0 ne pas :<\/p><ul><li>Publier ou transmettre tout contenu offensant, nuisible ou ill\u00e9gal.<\/li><li>Utiliser le site web \u00e0 des fins commerciales sans notre accord pr\u00e9alable.<\/li><li>Tenter d'obtenir un acc\u00e8s non autoris\u00e9 \u00e0 nos syst\u00e8mes ou aux donn\u00e9es d'autres utilisateurs.<\/li><li>Perturber ou interf\u00e9rer avec le fonctionnement du site web ou ses dispositifs de s\u00e9curit\u00e9.<\/li><\/ul><p>Nous nous r\u00e9servons le droit de r\u00e9silier ou de restreindre votre acc\u00e8s au site web et aux services si vous enfreignez les pr\u00e9sentes conditions ou si vous vous livrez \u00e0 des activit\u00e9s interdites.<\/p>\t\t\t\t\t\t\t\t<\/div>\n\t\t\t\t<div class=\"elementor-element elementor-element-9644ebf elementor-widget elementor-widget-heading\" data-id=\"9644ebf\" data-element_type=\"widget\" data-e-type=\"widget\" data-widget_type=\"heading.default\">\n\t\t\t\t\t<h3 class=\"elementor-heading-title elementor-size-default\">4. Enregistrement du compte<\/h3>\t\t\t\t<\/div>\n\t\t\t\t<div class=\"elementor-element elementor-element-eebddb4 elementor-widget elementor-widget-text-editor\" data-id=\"eebddb4\" data-element_type=\"widget\" data-e-type=\"widget\" data-widget_type=\"text-editor.default\">\n\t\t\t\t\t\t\t\t\t<p>Certaines fonctionnalit\u00e9s du site web peuvent n\u00e9cessiter la cr\u00e9ation d'un compte. En cr\u00e9ant un compte, vous acceptez<\/p><ul><li>Fournir des informations exactes, actuelles et compl\u00e8tes.<\/li><li>Pr\u00e9servez la confidentialit\u00e9 des informations d'identification de votre compte.<\/li><li>Notifiez-nous imm\u00e9diatement si vous soup\u00e7onnez un acc\u00e8s non autoris\u00e9 \u00e0 votre compte.<\/li><\/ul><p>Vous \u00eates responsable de toutes les activit\u00e9s men\u00e9es \u00e0 partir de votre compte. WooDo n'est pas responsable de toute perte ou dommage r\u00e9sultant d'un acc\u00e8s non autoris\u00e9 \u00e0 votre compte.<\/p>\t\t\t\t\t\t\t\t<\/div>\n\t\t\t\t<div class=\"elementor-element elementor-element-0fe860e elementor-widget elementor-widget-heading\" data-id=\"0fe860e\" data-element_type=\"widget\" data-e-type=\"widget\" data-widget_type=\"heading.default\">\n\t\t\t\t\t<h3 class=\"elementor-heading-title elementor-size-default\">5. Contenu<\/h3>\t\t\t\t<\/div>\n\t\t\t\t<div class=\"elementor-element elementor-element-06f18bc elementor-widget elementor-widget-heading\" data-id=\"06f18bc\" data-element_type=\"widget\" data-e-type=\"widget\" data-widget_type=\"heading.default\">\n\t\t\t\t\t<h5 class=\"elementor-heading-title elementor-size-default\">5.1 Contenu g\u00e9n\u00e9r\u00e9 par les utilisateurs<\/h5>\t\t\t\t<\/div>\n\t\t\t\t<div class=\"elementor-element elementor-element-8de7990 elementor-widget elementor-widget-text-editor\" data-id=\"8de7990\" data-element_type=\"widget\" data-e-type=\"widget\" data-widget_type=\"text-editor.default\">\n\t\t\t\t\t\t\t\t\t<p>Vous pouvez avoir l'opportunit\u00e9 de soumettre, poster ou partager du contenu (tel que des commentaires, des suggestions ou d'autres mat\u00e9riaux) sur notre site Web. En soumettant du contenu, vous accordez \u00e0 WooDo une licence mondiale, libre de redevances, non exclusive et transf\u00e9rable pour utiliser, reproduire, distribuer et afficher votre contenu dans le cadre de l'exploitation du site Web.<\/p><p>Vous \u00eates seul responsable du contenu que vous soumettez et vous garantissez que votre contenu n'enfreint pas les droits de tiers, ne viole aucune loi et ne contient pas de mat\u00e9riel offensant ou nuisible.<\/p>\t\t\t\t\t\t\t\t<\/div>\n\t\t\t\t<div class=\"elementor-element elementor-element-47a9c99 elementor-widget elementor-widget-heading\" data-id=\"47a9c99\" data-element_type=\"widget\" data-e-type=\"widget\" data-widget_type=\"heading.default\">\n\t\t\t\t\t<h5 class=\"elementor-heading-title elementor-size-default\">5.2 WooDo Content<\/h5>\t\t\t\t<\/div>\n\t\t\t\t<div class=\"elementor-element elementor-element-67ac4d5 elementor-widget elementor-widget-text-editor\" data-id=\"67ac4d5\" data-element_type=\"widget\" data-e-type=\"widget\" data-widget_type=\"text-editor.default\">\n\t\t\t\t\t\t\t\t\t<p>Tout le contenu fourni sur WooDo, y compris les tutoriels, les articles, les images et les vid\u00e9os, est uniquement \u00e0 des fins \u00e9ducatives. WooDo conserve tous les droits de propri\u00e9t\u00e9 intellectuelle sur son contenu. Vous ne pouvez pas copier, modifier, distribuer ou cr\u00e9er des \u0153uvres d\u00e9riv\u00e9es du contenu de WooDo sans notre autorisation \u00e9crite expresse.<\/p>\t\t\t\t\t\t\t\t<\/div>\n\t\t\t\t<div class=\"elementor-element elementor-element-af358d1 elementor-widget elementor-widget-heading\" data-id=\"af358d1\" data-element_type=\"widget\" data-e-type=\"widget\" data-widget_type=\"heading.default\">\n\t\t\t\t\t<h3 class=\"elementor-heading-title elementor-size-default\">6. Liens et ressources de tiers<\/h3>\t\t\t\t<\/div>\n\t\t\t\t<div class=\"elementor-element elementor-element-c272fc1 elementor-widget elementor-widget-text-editor\" data-id=\"c272fc1\" data-element_type=\"widget\" data-e-type=\"widget\" data-widget_type=\"text-editor.default\">\n\t\t\t\t\t\t\t\t\t<p>Notre site Web peut contenir des liens vers des sites Web ou des services de tiers qui ne sont pas d\u00e9tenus ou contr\u00f4l\u00e9s par WooDo. Nous ne sommes pas responsables du contenu, des politiques de confidentialit\u00e9 ou des pratiques de ces sites tiers. L'acc\u00e8s \u00e0 des sites tiers se fait \u00e0 vos risques et p\u00e9rils, et nous vous recommandons de prendre connaissance de leurs conditions et politiques.<\/p>\t\t\t\t\t\t\t\t<\/div>\n\t\t\t\t<div class=\"elementor-element elementor-element-892b3fc elementor-widget elementor-widget-heading\" data-id=\"892b3fc\" data-element_type=\"widget\" data-e-type=\"widget\" data-widget_type=\"heading.default\">\n\t\t\t\t\t<h3 class=\"elementor-heading-title elementor-size-default\">7. Exclusion de garantie<\/h3>\t\t\t\t<\/div>\n\t\t\t\t<div class=\"elementor-element elementor-element-db65752 elementor-widget elementor-widget-heading\" data-id=\"db65752\" data-element_type=\"widget\" data-e-type=\"widget\" data-widget_type=\"heading.default\">\n\t\t\t\t\t<h5 class=\"elementor-heading-title elementor-size-default\">7.1 Pas de garanties<\/h5>\t\t\t\t<\/div>\n\t\t\t\t<div class=\"elementor-element elementor-element-440c582 elementor-widget elementor-widget-text-editor\" data-id=\"440c582\" data-element_type=\"widget\" data-e-type=\"widget\" data-widget_type=\"text-editor.default\">\n\t\t\t\t\t\t\t\t\t<p>WooDo s'efforce de fournir des informations exactes et \u00e0 jour, mais nous ne garantissons pas l'exactitude, l'exhaustivit\u00e9 ou la fiabilit\u00e9 de tout contenu sur notre site Web. Les services sont fournis \"tels quels\" et \"tels que disponibles\", sans aucune garantie d'aucune sorte, qu'elle soit expresse ou implicite.<\/p>\t\t\t\t\t\t\t\t<\/div>\n\t\t\t\t<div class=\"elementor-element elementor-element-33e52b5 elementor-widget elementor-widget-heading\" data-id=\"33e52b5\" data-element_type=\"widget\" data-e-type=\"widget\" data-widget_type=\"heading.default\">\n\t\t\t\t\t<h5 class=\"elementor-heading-title elementor-size-default\">7.2 Usage \u00e9ducatif uniquement<\/h5>\t\t\t\t<\/div>\n\t\t\t\t<div class=\"elementor-element elementor-element-2e687cb elementor-widget elementor-widget-text-editor\" data-id=\"2e687cb\" data-element_type=\"widget\" data-e-type=\"widget\" data-widget_type=\"text-editor.default\">\n\t\t\t\t\t\t\t\t\t<p>Tout le contenu de WooDo est fourni \u00e0 des fins \u00e9ducatives et informatives uniquement. Il n'est pas destin\u00e9 \u00e0 se substituer aux conseils d'un professionnel. L'utilisation des informations fournies se fait \u00e0 vos risques et p\u00e9rils.<\/p>\t\t\t\t\t\t\t\t<\/div>\n\t\t\t\t<div class=\"elementor-element elementor-element-47efa2b elementor-widget elementor-widget-heading\" data-id=\"47efa2b\" data-element_type=\"widget\" data-e-type=\"widget\" data-widget_type=\"heading.default\">\n\t\t\t\t\t<h3 class=\"elementor-heading-title elementor-size-default\">8. Limitation de la responsabilit\u00e9<\/h3>\t\t\t\t<\/div>\n\t\t\t\t<div class=\"elementor-element elementor-element-4799a45 elementor-widget elementor-widget-text-editor\" data-id=\"4799a45\" data-element_type=\"widget\" data-e-type=\"widget\" data-widget_type=\"text-editor.default\">\n\t\t\t\t\t\t\t\t\t<p>Dans la mesure permise par la loi, WooDo ne sera pas responsable des dommages indirects, accessoires, sp\u00e9ciaux, cons\u00e9cutifs ou punitifs, y compris, mais sans s'y limiter, la perte de profits, la perte de donn\u00e9es ou l'interruption des affaires, d\u00e9coulant de l'utilisation ou de l'incapacit\u00e9 d'utiliser les services, m\u00eame si WooDo a \u00e9t\u00e9 avis\u00e9 de la possibilit\u00e9 de tels dommages.<\/p><p>La responsabilit\u00e9 totale de WooDo pour toute r\u00e9clamation li\u00e9e aux services n'exc\u00e9dera pas le montant que vous avez pay\u00e9, le cas \u00e9ch\u00e9ant, pour utiliser les services.<\/p>\t\t\t\t\t\t\t\t<\/div>\n\t\t\t\t<div class=\"elementor-element elementor-element-ea39b7d elementor-widget elementor-widget-heading\" data-id=\"ea39b7d\" data-element_type=\"widget\" data-e-type=\"widget\" data-widget_type=\"heading.default\">\n\t\t\t\t\t<h3 class=\"elementor-heading-title elementor-size-default\">9. Indemnisation<\/h3>\t\t\t\t<\/div>\n\t\t\t\t<div class=\"elementor-element elementor-element-efb1148 elementor-widget elementor-widget-text-editor\" data-id=\"efb1148\" data-element_type=\"widget\" data-e-type=\"widget\" data-widget_type=\"text-editor.default\">\n\t\t\t\t\t\t\t\t\t<p>Vous acceptez d'indemniser, de d\u00e9fendre et de d\u00e9gager de toute responsabilit\u00e9 WooDo, ses affili\u00e9s, ses dirigeants, ses employ\u00e9s et ses agents contre toute r\u00e9clamation, responsabilit\u00e9, dommages, pertes ou d\u00e9penses (y compris les frais raisonnables d'avocat) d\u00e9coulant de ou li\u00e9s \u00e0 :<\/p><ul><li>Votre utilisation ou mauvaise utilisation du site web et des services.<\/li><li>Votre violation des pr\u00e9sentes conditions.<\/li><li>Votre violation des droits d'autrui, y compris les droits de propri\u00e9t\u00e9 intellectuelle.<\/li><\/ul>\t\t\t\t\t\t\t\t<\/div>\n\t\t\t\t<div class=\"elementor-element elementor-element-0237080 elementor-widget elementor-widget-heading\" data-id=\"0237080\" data-element_type=\"widget\" data-e-type=\"widget\" data-widget_type=\"heading.default\">\n\t\t\t\t\t<h3 class=\"elementor-heading-title elementor-size-default\">10. R\u00e9siliation<\/h3>\t\t\t\t<\/div>\n\t\t\t\t<div class=\"elementor-element elementor-element-1b35b49 elementor-widget elementor-widget-text-editor\" data-id=\"1b35b49\" data-element_type=\"widget\" data-e-type=\"widget\" data-widget_type=\"text-editor.default\">\n\t\t\t\t\t\t\t\t\t<p>Nous pouvons r\u00e9silier ou suspendre votre acc\u00e8s \u00e0 notre site web et \u00e0 nos services, sans pr\u00e9avis ni responsabilit\u00e9, pour quelque raison que ce soit, y compris si vous enfreignez les pr\u00e9sentes conditions.<\/p><p>En cas de r\u00e9siliation, votre droit d'utiliser le site web et les services cessera imm\u00e9diatement. Toutes les dispositions des pr\u00e9sentes conditions qui devraient raisonnablement survivre \u00e0 la r\u00e9siliation resteront en vigueur, y compris les limitations de responsabilit\u00e9, l'indemnisation et les clauses de non-responsabilit\u00e9.<\/p>\t\t\t\t\t\t\t\t<\/div>\n\t\t\t\t<div class=\"elementor-element elementor-element-57a4c59 elementor-widget elementor-widget-heading\" data-id=\"57a4c59\" data-element_type=\"widget\" data-e-type=\"widget\" data-widget_type=\"heading.default\">\n\t\t\t\t\t<h3 class=\"elementor-heading-title elementor-size-default\">11. Droit applicable<\/h3>\t\t\t\t<\/div>\n\t\t\t\t<div class=\"elementor-element elementor-element-868de99 elementor-widget elementor-widget-text-editor\" data-id=\"868de99\" data-element_type=\"widget\" data-e-type=\"widget\" data-widget_type=\"text-editor.default\">\n\t\t\t\t\t\t\t\t\t<p>Les pr\u00e9sentes conditions sont r\u00e9gies et interpr\u00e9t\u00e9es conform\u00e9ment aux lois de [ins\u00e9rer la juridiction], sans tenir compte des dispositions relatives aux conflits de lois. Toute action en justice ou proc\u00e9dure d\u00e9coulant des pr\u00e9sentes conditions ou s'y rapportant sera port\u00e9e exclusivement devant les tribunaux de [ins\u00e9rer la juridiction], et vous acceptez la comp\u00e9tence de ces tribunaux.<\/p>\t\t\t\t\t\t\t\t<\/div>\n\t\t\t\t<div class=\"elementor-element elementor-element-61f6616 elementor-widget elementor-widget-heading\" data-id=\"61f6616\" data-element_type=\"widget\" data-e-type=\"widget\" data-widget_type=\"heading.default\">\n\t\t\t\t\t<h3 class=\"elementor-heading-title elementor-size-default\">12. Modifications des conditions<\/h3>\t\t\t\t<\/div>\n\t\t\t\t<div class=\"elementor-element elementor-element-d18cf86 elementor-widget elementor-widget-text-editor\" data-id=\"d18cf86\" data-element_type=\"widget\" data-e-type=\"widget\" data-widget_type=\"text-editor.default\">\n\t\t\t\t\t\t\t\t\t<p>WooDo se r\u00e9serve le droit de modifier ou de mettre \u00e0 jour ces Conditions \u00e0 tout moment. Toute modification sera affich\u00e9e sur cette page avec la date de mise \u00e0 jour. Il est de votre responsabilit\u00e9 de revoir ces conditions p\u00e9riodiquement. En continuant \u00e0 utiliser le site web apr\u00e8s la publication des changements, vous acceptez les Conditions modifi\u00e9es.<\/p>\t\t\t\t\t\t\t\t<\/div>\n\t\t\t\t<div class=\"elementor-element elementor-element-6f8139b elementor-widget elementor-widget-heading\" data-id=\"6f8139b\" data-element_type=\"widget\" data-e-type=\"widget\" data-widget_type=\"heading.default\">\n\t\t\t\t\t<h3 class=\"elementor-heading-title elementor-size-default\">13. Nous contacter\n<\/h3>\t\t\t\t<\/div>\n\t\t\t\t<div class=\"elementor-element elementor-element-6714f1b elementor-widget elementor-widget-text-editor\" data-id=\"6714f1b\" data-element_type=\"widget\" data-e-type=\"widget\" data-widget_type=\"text-editor.default\">\n\t\t\t\t\t\t\t\t\t<p>Si vous avez des questions concernant les pr\u00e9sentes conditions, veuillez nous contacter \u00e0 l'adresse suivante :<\/p><p><strong>L'\u00e9quipe de support de WooDo<\/strong><br \/>Courriel : <a rel=\"noopener\">info@woodobox.com<\/a><\/p>\t\t\t\t\t\t\t\t<\/div>\n\t\t\t\t<\/div>\n\t\t\t\t\t<\/div>\n\t\t\t\t<\/div>\n\t\t\t\t<\/div>","protected":false},"excerpt":{"rendered":"<p>Terms of Service Welcome to WooDo! These Terms of Service (\u201cTerms\u201d) govern your access to and use of the WooDo website, services, and resources. By using our website, you agree to comply with and be bound by these Terms. If you do not agree with any part of these Terms, please do not use our [&hellip;]<\/p>","protected":false},"author":1,"featured_media":0,"parent":0,"menu_order":0,"comment_status":"closed","ping_status":"closed","template":"","meta":{"_seopress_robots_primary_cat":"","_seopress_titles_title":"","_seopress_titles_desc":"","_seopress_robots_index":"","footnotes":""},"class_list":["post-25","page","type-page","status-publish","hentry"],"_links":{"self":[{"href":"https:\/\/woodobox.com\/fr\/wp-json\/wp\/v2\/pages\/25","targetHints":{"allow":["GET"]}}],"collection":[{"href":"https:\/\/woodobox.com\/fr\/wp-json\/wp\/v2\/pages"}],"about":[{"href":"https:\/\/woodobox.com\/fr\/wp-json\/wp\/v2\/types\/page"}],"author":[{"embeddable":true,"href":"https:\/\/woodobox.com\/fr\/wp-json\/wp\/v2\/users\/1"}],"replies":[{"embeddable":true,"href":"https:\/\/woodobox.com\/fr\/wp-json\/wp\/v2\/comments?post=25"}],"version-history":[{"count":4,"href":"https:\/\/woodobox.com\/fr\/wp-json\/wp\/v2\/pages\/25\/revisions"}],"predecessor-version":[{"id":395,"href":"https:\/\/woodobox.com\/fr\/wp-json\/wp\/v2\/pages\/25\/revisions\/395"}],"wp:attachment":[{"href":"https:\/\/woodobox.com\/fr\/wp-json\/wp\/v2\/media?parent=25"}],"curies":[{"name":"wp","href":"https:\/\/api.w.org\/{rel}","templated":true}]}}