{"id":13,"date":"2024-12-19T11:31:44","date_gmt":"2024-12-19T03:31:44","guid":{"rendered":"https:\/\/woodobox.com\/?page_id=13"},"modified":"2026-02-10T11:42:32","modified_gmt":"2026-02-10T03:42:32","slug":"a-propos-de","status":"publish","type":"page","link":"https:\/\/woodobox.com\/fr\/a-propos-de\/","title":{"rendered":"About"},"content":{"rendered":"<div data-elementor-type=\"wp-page\" data-elementor-id=\"13\" class=\"elementor elementor-13\" data-elementor-post-type=\"page\">\n\t\t\t\t<div class=\"elementor-element elementor-element-5b8c38d e-flex e-con-boxed e-con e-parent\" data-id=\"5b8c38d\" data-element_type=\"container\" data-e-type=\"container\" data-settings=\"{&quot;background_background&quot;:&quot;classic&quot;}\">\n\t\t\t\t\t<div class=\"e-con-inner\">\n\t\t<div class=\"elementor-element elementor-element-9bb749b e-con-full e-flex e-con e-child\" data-id=\"9bb749b\" data-element_type=\"container\" data-e-type=\"container\">\n\t\t\t\t<div class=\"elementor-element elementor-element-8ee59e9 elementor-widget elementor-widget-heading\" data-id=\"8ee59e9\" data-element_type=\"widget\" data-e-type=\"widget\" data-settings=\"{&quot;_animation&quot;:&quot;none&quot;,&quot;_animation_delay&quot;:200}\" data-widget_type=\"heading.default\">\n\t\t\t\t\t<h1 class=\"elementor-heading-title elementor-size-default\">\u00c0 propos de nous<\/h1>\t\t\t\t<\/div>\n\t\t\t\t<\/div>\n\t\t\t\t\t<\/div>\n\t\t\t\t<\/div>\n\t\t<div class=\"elementor-element elementor-element-cb3f085 e-flex e-con-boxed e-con e-parent\" data-id=\"cb3f085\" data-element_type=\"container\" data-e-type=\"container\">\n\t\t\t\t\t<div class=\"e-con-inner\">\n\t\t\t\t<div class=\"elementor-element elementor-element-43f0941 elementor-widget elementor-widget-heading\" data-id=\"43f0941\" data-element_type=\"widget\" data-e-type=\"widget\" data-widget_type=\"heading.default\">\n\t\t\t\t\t<h2 class=\"elementor-heading-title elementor-size-default\">Bo\u00eetes en bois personnalis\u00e9es pour votre marque<\/h2>\t\t\t\t<\/div>\n\t\t\t\t<div class=\"elementor-element elementor-element-63803a1 elementor-widget__width-initial elementor-widget elementor-widget-text-editor\" data-id=\"63803a1\" data-element_type=\"widget\" data-e-type=\"widget\" data-widget_type=\"text-editor.default\">\n\t\t\t\t\t\t\t\t\t<p>Nous sommes Motyirls ! Depuis 2007, nous cr\u00e9ons des bo\u00eetes en bois personnalis\u00e9es qui permettent \u00e0 des entreprises comme la v\u00f4tre de se d\u00e9marquer. De l'emballage \u00e9l\u00e9gant au stockage pratique, nous sommes l\u00e0 pour nous assurer que vos produits sont \u00e0 leur meilleur. Concentrez-vous sur le d\u00e9veloppement de votre entreprise, nous nous occupons de vos besoins en mati\u00e8re d'emballage.<\/p>\t\t\t\t\t\t\t\t<\/div>\n\t\t\t\t\t<\/div>\n\t\t\t\t<\/div>\n\t\t<div class=\"elementor-element elementor-element-29d25d8 e-flex e-con-boxed e-con e-parent\" data-id=\"29d25d8\" data-element_type=\"container\" data-e-type=\"container\">\n\t\t\t\t\t<div class=\"e-con-inner\">\n\t\t<div class=\"elementor-element elementor-element-3331f16 e-con-full e-flex e-con e-child\" data-id=\"3331f16\" data-element_type=\"container\" data-e-type=\"container\">\n\t\t\t\t<div class=\"elementor-element elementor-element-43a90d0 elementor-widget elementor-widget-heading\" data-id=\"43a90d0\" data-element_type=\"widget\" data-e-type=\"widget\" data-widget_type=\"heading.default\">\n\t\t\t\t\t<h3 class=\"elementor-heading-title elementor-size-default\">Ce que nous offrons\n<\/h3>\t\t\t\t<\/div>\n\t\t\t\t<div class=\"elementor-element elementor-element-7c73219 elementor-widget elementor-widget-text-editor\" data-id=\"7c73219\" data-element_type=\"widget\" data-e-type=\"widget\" data-widget_type=\"text-editor.default\">\n\t\t\t\t\t\t\t\t\t<p>Nous fabriquons des bo\u00eetes \u00e0 bijoux, des bo\u00eetes \u00e0 montres, des bo\u00eetes \u00e0 cigares et des bo\u00eetes \u00e0 cadeaux. Si vous avez une autre id\u00e9e en t\u00eate, nous nous ferons un plaisir de la personnaliser pour vous ! Nos bo\u00eetes en bois sont con\u00e7ues pour \u00eatre robustes, \u00e9l\u00e9gantes et parfaites pour mettre en valeur vos produits.<\/p><p>Qu'il s'agisse d'un coffret cadeau de luxe pour des clients particuliers ou d'un coffret personnalis\u00e9 pour vos produits uniques, nous travaillerons avec vous pour cr\u00e9er quelque chose qui corresponde parfaitement \u00e0 votre marque.<\/p>\t\t\t\t\t\t\t\t<\/div>\n\t\t\t\t<\/div>\n\t\t<div class=\"elementor-element elementor-element-afcc3d3 e-con-full e-flex e-con e-child\" data-id=\"afcc3d3\" data-element_type=\"container\" data-e-type=\"container\">\n\t\t\t\t<div class=\"elementor-element elementor-element-f36720d elementor-widget elementor-widget-image\" data-id=\"f36720d\" data-element_type=\"widget\" data-e-type=\"widget\" data-widget_type=\"image.default\">\n\t\t\t\t\t\t\t\t\t\t\t\t\t\t\t<img fetchpriority=\"high\" decoding=\"async\" width=\"1600\" height=\"900\" src=\"https:\/\/woodobox.com\/wp-content\/uploads\/2025\/01\/Sdba782aa4d83426ea7c81e9929a11a75a.jpg\" class=\"attachment-full size-full wp-image-955\" alt=\"Salle d&#039;exposition moderne pr\u00e9sentant une grande vari\u00e9t\u00e9 de bo\u00eetes en bois de luxe sur des comptoirs blancs \u00e9l\u00e9gants, avec des \u00e9tag\u00e8res \u00e9clair\u00e9es en arri\u00e8re-plan.\" srcset=\"https:\/\/woodobox.com\/wp-content\/uploads\/2025\/01\/Sdba782aa4d83426ea7c81e9929a11a75a.jpg 1600w, https:\/\/woodobox.com\/wp-content\/uploads\/2025\/01\/Sdba782aa4d83426ea7c81e9929a11a75a-300x169.jpg 300w, https:\/\/woodobox.com\/wp-content\/uploads\/2025\/01\/Sdba782aa4d83426ea7c81e9929a11a75a-1024x576.jpg 1024w, https:\/\/woodobox.com\/wp-content\/uploads\/2025\/01\/Sdba782aa4d83426ea7c81e9929a11a75a-768x432.jpg 768w, https:\/\/woodobox.com\/wp-content\/uploads\/2025\/01\/Sdba782aa4d83426ea7c81e9929a11a75a-1536x864.jpg 1536w\" sizes=\"(max-width: 1600px) 100vw, 1600px\" \/>\t\t\t\t\t\t\t\t\t\t\t\t\t\t\t<\/div>\n\t\t\t\t<\/div>\n\t\t\t\t\t<\/div>\n\t\t\t\t<\/div>\n\t\t<div class=\"elementor-element elementor-element-a72822e e-flex e-con-boxed e-con e-parent\" data-id=\"a72822e\" data-element_type=\"container\" data-e-type=\"container\">\n\t\t\t\t\t<div class=\"e-con-inner\">\n\t\t<div class=\"elementor-element elementor-element-8036023 e-con-full e-flex e-con e-child\" data-id=\"8036023\" data-element_type=\"container\" data-e-type=\"container\">\n\t\t\t\t<div class=\"elementor-element elementor-element-77d9eca elementor-widget elementor-widget-image\" data-id=\"77d9eca\" data-element_type=\"widget\" data-e-type=\"widget\" data-widget_type=\"image.default\">\n\t\t\t\t\t\t\t\t\t\t\t\t\t\t\t<img decoding=\"async\" width=\"800\" height=\"534\" src=\"https:\/\/woodobox.com\/wp-content\/uploads\/2024\/12\/kn_kvidcha0-1024x684.jpg\" class=\"attachment-large size-large wp-image-406\" alt=\"Bureau lumineux et spacieux avec des employ\u00e9s travaillant \u00e0 des bureaux, dot\u00e9 de grandes fen\u00eatres et d&#039;un agencement moderne et ouvert.\" srcset=\"https:\/\/woodobox.com\/wp-content\/uploads\/2024\/12\/kn_kvidcha0-1024x684.jpg 1024w, https:\/\/woodobox.com\/wp-content\/uploads\/2024\/12\/kn_kvidcha0-300x200.jpg 300w, https:\/\/woodobox.com\/wp-content\/uploads\/2024\/12\/kn_kvidcha0-768x513.jpg 768w, https:\/\/woodobox.com\/wp-content\/uploads\/2024\/12\/kn_kvidcha0-1536x1025.jpg 1536w, https:\/\/woodobox.com\/wp-content\/uploads\/2024\/12\/kn_kvidcha0.jpg 1600w\" sizes=\"(max-width: 800px) 100vw, 800px\" \/>\t\t\t\t\t\t\t\t\t\t\t\t\t\t\t<\/div>\n\t\t\t\t<\/div>\n\t\t<div class=\"elementor-element elementor-element-3b53cd9 e-con-full e-flex e-con e-child\" data-id=\"3b53cd9\" data-element_type=\"container\" data-e-type=\"container\">\n\t\t\t\t<div class=\"elementor-element elementor-element-d1bca53 elementor-widget elementor-widget-heading\" data-id=\"d1bca53\" data-element_type=\"widget\" data-e-type=\"widget\" data-widget_type=\"heading.default\">\n\t\t\t\t\t<h3 class=\"elementor-heading-title elementor-size-default\">Pourquoi travailler avec nous ?<\/h3>\t\t\t\t<\/div>\n\t\t\t\t<div class=\"elementor-element elementor-element-06a64bd elementor-widget elementor-widget-text-editor\" data-id=\"06a64bd\" data-element_type=\"widget\" data-e-type=\"widget\" data-widget_type=\"text-editor.default\">\n\t\t\t\t\t\t\t\t\t<p>Voici pourquoi des entreprises du monde entier nous confient leurs emballages :<\/p><ul><li><strong>Une qualit\u00e9 irr\u00e9prochable<\/strong>: Chaque bo\u00eete est fabriqu\u00e9e avec soin et dans le souci du d\u00e9tail.<\/li><li><strong>Options \u00e9cologiques<\/strong>: Nous utilisons des mat\u00e9riaux durables pour r\u00e9duire l'impact sur l'environnement.<\/li><li><strong>Nous exp\u00e9dions dans le monde entier<\/strong>: O\u00f9 que vous soyez, nous vous ferons parvenir votre commande \u00e0 temps.<\/li><li><strong>Un service fiable<\/strong>: Qu'il s'agisse d'une petite ou d'une grande commande, nous livrons exactement ce dont vous avez besoin.\u00a0<\/li><\/ul><div>\u00a0<\/div><p>Lorsque vous travaillez avec nous, vous n'obtenez pas seulement une bo\u00eete, vous obtenez un produit qui repr\u00e9sente votre marque de la meilleure fa\u00e7on possible.<\/p>\t\t\t\t\t\t\t\t<\/div>\n\t\t\t\t<\/div>\n\t\t\t\t\t<\/div>\n\t\t\t\t<\/div>\n\t\t<div class=\"elementor-element elementor-element-c2e9849 e-flex e-con-boxed e-con e-parent\" data-id=\"c2e9849\" data-element_type=\"container\" data-e-type=\"container\" data-settings=\"{&quot;background_background&quot;:&quot;classic&quot;}\">\n\t\t\t\t\t<div class=\"e-con-inner\">\n\t\t<div class=\"elementor-element elementor-element-0175614 e-con-full e-flex e-con e-child\" data-id=\"0175614\" data-element_type=\"container\" data-e-type=\"container\">\n\t\t\t\t<div class=\"elementor-element elementor-element-cf3a709 elementor-widget elementor-widget-heading\" data-id=\"cf3a709\" data-element_type=\"widget\" data-e-type=\"widget\" data-widget_type=\"heading.default\">\n\t\t\t\t\t<h2 class=\"elementor-heading-title elementor-size-default\">Contactez notre \u00e9quipe d\u00e8s maintenant !<\/h2>\t\t\t\t<\/div>\n\t\t\t\t<div class=\"elementor-element elementor-element-ec99773 elementor-widget__width-initial elementor-widget elementor-widget-text-editor\" data-id=\"ec99773\" data-element_type=\"widget\" data-e-type=\"widget\" data-widget_type=\"text-editor.default\">\n\t\t\t\t\t\t\t\t\t<p>Faites \u00e9quipe avec Motyirls pour des emballages en bois personnalis\u00e9s qui se d\u00e9marquent. Contactez-nous d\u00e8s aujourd'hui pour discuter de votre projet et d\u00e9couvrir comment nous pouvons donner vie \u00e0 votre vision.<\/p>\t\t\t\t\t\t\t\t<\/div>\n\t\t\t\t<div class=\"elementor-element elementor-element-251e202 elementor-widget elementor-widget-button\" data-id=\"251e202\" data-element_type=\"widget\" data-e-type=\"widget\" data-widget_type=\"button.default\">\n\t\t\t\t\t\t\t\t\t\t<a class=\"elementor-button elementor-button-link elementor-size-sm\" href=\"#elementor-action%3Aaction%3Dpopup%3Aopen%26settings%3DeyJpZCI6IjI2MSIsInRvZ2dsZSI6ZmFsc2V9\">\n\t\t\t\t\t\t<span class=\"elementor-button-content-wrapper\">\n\t\t\t\t\t\t\t\t\t<span class=\"elementor-button-text\">DEMANDER UN DEVIS<\/span>\n\t\t\t\t\t<\/span>\n\t\t\t\t\t<\/a>\n\t\t\t\t\t\t\t\t<\/div>\n\t\t\t\t<\/div>\n\t\t\t\t\t<\/div>\n\t\t\t\t<\/div>\n\t\t\t\t<\/div>","protected":false},"excerpt":{"rendered":"<p>About Us Custom Wooden Boxes for Your Brand We\u2019re Motyirls! Since 2007, we\u2019ve been creating custom wooden boxes that help businesses like yours stand out. From elegant packaging to practical storage, we\u2019re here to make sure your products look their best. You focus on growing your business, and we\u2019ll take care of your packaging needs. [&hellip;]<\/p>","protected":false},"author":1,"featured_media":0,"parent":0,"menu_order":0,"comment_status":"closed","ping_status":"closed","template":"","meta":{"_seopress_robots_primary_cat":"","_seopress_titles_title":"","_seopress_titles_desc":"","_seopress_robots_index":"","footnotes":""},"class_list":["post-13","page","type-page","status-publish","hentry"],"_links":{"self":[{"href":"https:\/\/woodobox.com\/fr\/wp-json\/wp\/v2\/pages\/13","targetHints":{"allow":["GET"]}}],"collection":[{"href":"https:\/\/woodobox.com\/fr\/wp-json\/wp\/v2\/pages"}],"about":[{"href":"https:\/\/woodobox.com\/fr\/wp-json\/wp\/v2\/types\/page"}],"author":[{"embeddable":true,"href":"https:\/\/woodobox.com\/fr\/wp-json\/wp\/v2\/users\/1"}],"replies":[{"embeddable":true,"href":"https:\/\/woodobox.com\/fr\/wp-json\/wp\/v2\/comments?post=13"}],"version-history":[{"count":26,"href":"https:\/\/woodobox.com\/fr\/wp-json\/wp\/v2\/pages\/13\/revisions"}],"predecessor-version":[{"id":545,"href":"https:\/\/woodobox.com\/fr\/wp-json\/wp\/v2\/pages\/13\/revisions\/545"}],"wp:attachment":[{"href":"https:\/\/woodobox.com\/fr\/wp-json\/wp\/v2\/media?parent=13"}],"curies":[{"name":"wp","href":"https:\/\/api.w.org\/{rel}","templated":true}]}}