{"id":23,"date":"2024-12-19T11:32:36","date_gmt":"2024-12-19T03:32:36","guid":{"rendered":"https:\/\/woodobox.com\/?page_id=23"},"modified":"2024-12-21T17:29:58","modified_gmt":"2024-12-21T09:29:58","slug":"politica-de-cookies","status":"publish","type":"page","link":"https:\/\/woodobox.com\/es\/politica-de-cookies\/","title":{"rendered":"Pol\u00edtica de cookies"},"content":{"rendered":"<div data-elementor-type=\"wp-page\" data-elementor-id=\"23\" class=\"elementor elementor-23\" data-elementor-post-type=\"page\">\n\t\t\t\t<div class=\"elementor-element elementor-element-d805b0d e-flex e-con-boxed e-con e-parent\" data-id=\"d805b0d\" data-element_type=\"container\" data-e-type=\"container\" data-settings=\"{&quot;background_background&quot;:&quot;classic&quot;}\">\n\t\t\t\t\t<div class=\"e-con-inner\">\n\t\t<div class=\"elementor-element elementor-element-768d6a1 e-con-full e-flex e-con e-child\" data-id=\"768d6a1\" data-element_type=\"container\" data-e-type=\"container\" data-settings=\"{&quot;background_background&quot;:&quot;classic&quot;}\">\n\t\t\t\t<div class=\"elementor-element elementor-element-673bcde elementor-widget elementor-widget-heading\" data-id=\"673bcde\" data-element_type=\"widget\" data-e-type=\"widget\" data-widget_type=\"heading.default\">\n\t\t\t\t\t<h1 class=\"elementor-heading-title elementor-size-default\">Pol\u00edtica de cookies<\/h1>\t\t\t\t<\/div>\n\t\t\t\t<div class=\"elementor-element elementor-element-e27d11e elementor-widget elementor-widget-heading\" data-id=\"e27d11e\" data-element_type=\"widget\" data-e-type=\"widget\" data-widget_type=\"heading.default\">\n\t\t\t\t\t<h2 class=\"elementor-heading-title elementor-size-default\">Introducci\u00f3n<\/h2>\t\t\t\t<\/div>\n\t\t\t\t<div class=\"elementor-element elementor-element-abb98e5 elementor-widget elementor-widget-text-editor\" data-id=\"abb98e5\" data-element_type=\"widget\" data-e-type=\"widget\" data-widget_type=\"text-editor.default\">\n\t\t\t\t\t\t\t\t\t<p>En WooDo utilizamos cookies y tecnolog\u00edas similares para mejorar tu experiencia en nuestro sitio web y ayudarnos a comprender c\u00f3mo se utiliza nuestro contenido. Esta Pol\u00edtica de Cookies explica qu\u00e9 son las cookies, c\u00f3mo las utilizamos y sus opciones con respecto a su uso.<\/p><p>Al utilizar nuestro sitio web, usted acepta el uso de cookies de acuerdo con esta pol\u00edtica.<\/p>\t\t\t\t\t\t\t\t<\/div>\n\t\t\t\t<div class=\"elementor-element elementor-element-41a2f81 elementor-widget elementor-widget-heading\" data-id=\"41a2f81\" data-element_type=\"widget\" data-e-type=\"widget\" data-widget_type=\"heading.default\">\n\t\t\t\t\t<h2 class=\"elementor-heading-title elementor-size-default\">\u00bfQu\u00e9 son las cookies?<\/h2>\t\t\t\t<\/div>\n\t\t\t\t<div class=\"elementor-element elementor-element-0e62dbc elementor-widget elementor-widget-text-editor\" data-id=\"0e62dbc\" data-element_type=\"widget\" data-e-type=\"widget\" data-widget_type=\"text-editor.default\">\n\t\t\t\t\t\t\t\t\t<p>Las cookies son peque\u00f1os archivos de texto que se almacenan en su dispositivo (ordenador, smartphone, tableta) cuando visita un sitio web. Ayudan al sitio web a recordar sus preferencias y acciones (como la informaci\u00f3n de inicio de sesi\u00f3n o la configuraci\u00f3n de idioma) durante un periodo de tiempo, para que no tenga que volver a introducirlas cada vez que regrese al sitio o navegue de una p\u00e1gina a otra.<\/p>\t\t\t\t\t\t\t\t<\/div>\n\t\t\t\t<div class=\"elementor-element elementor-element-67314a5 elementor-widget elementor-widget-heading\" data-id=\"67314a5\" data-element_type=\"widget\" data-e-type=\"widget\" data-widget_type=\"heading.default\">\n\t\t\t\t\t<h2 class=\"elementor-heading-title elementor-size-default\">C\u00f3mo utilizamos las cookies<\/h2>\t\t\t\t<\/div>\n\t\t\t\t<div class=\"elementor-element elementor-element-000090d elementor-widget elementor-widget-text-editor\" data-id=\"000090d\" data-element_type=\"widget\" data-e-type=\"widget\" data-widget_type=\"text-editor.default\">\n\t\t\t\t\t\t\t\t\t<p>Utilizamos cookies para los siguientes fines:<\/p>\t\t\t\t\t\t\t\t<\/div>\n\t\t\t\t<div class=\"elementor-element elementor-element-593f067 elementor-widget elementor-widget-heading\" data-id=\"593f067\" data-element_type=\"widget\" data-e-type=\"widget\" data-widget_type=\"heading.default\">\n\t\t\t\t\t<h3 class=\"elementor-heading-title elementor-size-default\">1. Cookies esenciales<\/h3>\t\t\t\t<\/div>\n\t\t\t\t<div class=\"elementor-element elementor-element-864409b elementor-widget elementor-widget-text-editor\" data-id=\"864409b\" data-element_type=\"widget\" data-e-type=\"widget\" data-widget_type=\"text-editor.default\">\n\t\t\t\t\t\t\t\t\t<p>Estas cookies son necesarias para el funcionamiento b\u00e1sico de nuestro sitio web. Le permiten navegar por el sitio y utilizar funciones esenciales, como acceder a zonas seguras y recordar la informaci\u00f3n de inicio de sesi\u00f3n.<\/p>\t\t\t\t\t\t\t\t<\/div>\n\t\t\t\t<div class=\"elementor-element elementor-element-cdbaaa2 elementor-widget elementor-widget-heading\" data-id=\"cdbaaa2\" data-element_type=\"widget\" data-e-type=\"widget\" data-widget_type=\"heading.default\">\n\t\t\t\t\t<h3 class=\"elementor-heading-title elementor-size-default\">2. Cookies de rendimiento y an\u00e1lisis<\/h3>\t\t\t\t<\/div>\n\t\t\t\t<div class=\"elementor-element elementor-element-d86f7f2 elementor-widget elementor-widget-text-editor\" data-id=\"d86f7f2\" data-element_type=\"widget\" data-e-type=\"widget\" data-widget_type=\"text-editor.default\">\n\t\t\t\t\t\t\t\t\t<p>Utilizamos cookies anal\u00edticas para comprender c\u00f3mo interact\u00faan los visitantes con nuestro sitio web. Esto nos ayuda a mejorar la experiencia general optimizando nuestro contenido y la estructura del sitio en funci\u00f3n del comportamiento de los usuarios.<\/p>\t\t\t\t\t\t\t\t<\/div>\n\t\t\t\t<div class=\"elementor-element elementor-element-479e74a elementor-widget elementor-widget-heading\" data-id=\"479e74a\" data-element_type=\"widget\" data-e-type=\"widget\" data-widget_type=\"heading.default\">\n\t\t\t\t\t<h3 class=\"elementor-heading-title elementor-size-default\">3. Cookies de funcionalidad<\/h3>\t\t\t\t<\/div>\n\t\t\t\t<div class=\"elementor-element elementor-element-bbbdc24 elementor-widget elementor-widget-text-editor\" data-id=\"bbbdc24\" data-element_type=\"widget\" data-e-type=\"widget\" data-widget_type=\"text-editor.default\">\n\t\t\t\t\t\t\t\t\t<p>Estas cookies permiten que nuestro sitio web recuerde las elecciones que usted hace, como su preferencia de idioma o la regi\u00f3n en la que se encuentra. Proporcionan funciones mejoradas y m\u00e1s personalizadas.<\/p>\t\t\t\t\t\t\t\t<\/div>\n\t\t\t\t<div class=\"elementor-element elementor-element-d50f547 elementor-widget elementor-widget-heading\" data-id=\"d50f547\" data-element_type=\"widget\" data-e-type=\"widget\" data-widget_type=\"heading.default\">\n\t\t\t\t\t<h3 class=\"elementor-heading-title elementor-size-default\">4. Cookies publicitarias y de segmentaci\u00f3n<\/h3>\t\t\t\t<\/div>\n\t\t\t\t<div class=\"elementor-element elementor-element-0d23669 elementor-widget elementor-widget-text-editor\" data-id=\"0d23669\" data-element_type=\"widget\" data-e-type=\"widget\" data-widget_type=\"text-editor.default\">\n\t\t\t\t\t\t\t\t\t<p>Podemos utilizar cookies para ofrecer anuncios que sean m\u00e1s relevantes para usted y sus intereses. Estas cookies tambi\u00e9n nos ayudan a limitar el n\u00famero de veces que ve un anuncio y a medir la eficacia de nuestras campa\u00f1as publicitarias.<\/p>\t\t\t\t\t\t\t\t<\/div>\n\t\t\t\t<div class=\"elementor-element elementor-element-aa6d94e elementor-widget elementor-widget-heading\" data-id=\"aa6d94e\" data-element_type=\"widget\" data-e-type=\"widget\" data-widget_type=\"heading.default\">\n\t\t\t\t\t<h2 class=\"elementor-heading-title elementor-size-default\">Cookies de terceros<\/h2>\t\t\t\t<\/div>\n\t\t\t\t<div class=\"elementor-element elementor-element-406d25c elementor-widget elementor-widget-text-editor\" data-id=\"406d25c\" data-element_type=\"widget\" data-e-type=\"widget\" data-widget_type=\"text-editor.default\">\n\t\t\t\t\t\t\t\t\t<p>Tambi\u00e9n podemos permitir que servicios de terceros, como proveedores de an\u00e1lisis o socios publicitarios, coloquen cookies en su dispositivo. Estas cookies son gestionadas por terceros y est\u00e1n sujetas a sus propias pol\u00edticas de privacidad.<\/p><p>Entre las cookies de terceros que utilizamos se incluyen:<\/p><ul><li><strong>Google Analytics<\/strong>: Nos ayuda a rastrear y analizar el tr\u00e1fico del sitio web.<\/li><li><strong>Plugins de redes sociales<\/strong>: Le permite compartir nuestros contenidos a trav\u00e9s de las redes sociales.<\/li><\/ul>\t\t\t\t\t\t\t\t<\/div>\n\t\t\t\t<div class=\"elementor-element elementor-element-e82ea00 elementor-widget elementor-widget-heading\" data-id=\"e82ea00\" data-element_type=\"widget\" data-e-type=\"widget\" data-widget_type=\"heading.default\">\n\t\t\t\t\t<h2 class=\"elementor-heading-title elementor-size-default\">C\u00f3mo gestionar las cookies<\/h2>\t\t\t\t<\/div>\n\t\t\t\t<div class=\"elementor-element elementor-element-7cb311a elementor-widget elementor-widget-text-editor\" data-id=\"7cb311a\" data-element_type=\"widget\" data-e-type=\"widget\" data-widget_type=\"text-editor.default\">\n\t\t\t\t\t\t\t\t\t<p>Usted tiene derecho a aceptar o rechazar las cookies. La mayor\u00eda de los navegadores web permiten controlar el uso de cookies a trav\u00e9s de la configuraci\u00f3n del navegador. Puede configurar su navegador para que bloquee o elimine las cookies, pero tenga en cuenta que algunas partes del sitio web pueden no funcionar correctamente si las cookies est\u00e1n desactivadas.<\/p><p>Para gestionar las cookies, puede consultar las p\u00e1ginas de ayuda de su navegador:<\/p><ul><li><a target=\"_new\" rel=\"noopener\">Google Chrome<\/a><\/li><li><a href=\"https:\/\/support.mozilla.org\/en-US\/kb\/enable-and-disable-cookies-website-preferences\" target=\"_new\" rel=\"noopener\">Mozilla Firefox<\/a><\/li><li><a href=\"https:\/\/support.apple.com\/guide\/safari\/manage-cookies-and-website-data-sfri11471\/mac\" target=\"_new\" rel=\"noopener\">Safari<\/a><\/li><li><a href=\"https:\/\/support.microsoft.com\/en-us\/microsoft-edge\/view-and-delete-browser-history-in-microsoft-edge\" target=\"_new\" rel=\"noopener\">Microsoft Edge<\/a><\/li><\/ul><p>Tambi\u00e9n puede visitar <a href=\"https:\/\/www.allaboutcookies.org\" target=\"_new\" rel=\"noopener\">www.allaboutcookies.org<\/a> para m\u00e1s informaci\u00f3n sobre c\u00f3mo gestionar y eliminar cookies en distintos navegadores.<\/p>\t\t\t\t\t\t\t\t<\/div>\n\t\t\t\t<div class=\"elementor-element elementor-element-dec7829 elementor-widget elementor-widget-heading\" data-id=\"dec7829\" data-element_type=\"widget\" data-e-type=\"widget\" data-widget_type=\"heading.default\">\n\t\t\t\t\t<h2 class=\"elementor-heading-title elementor-size-default\">Cambios en esta pol\u00edtica de cookies<\/h2>\t\t\t\t<\/div>\n\t\t\t\t<div class=\"elementor-element elementor-element-0bacc75 elementor-widget elementor-widget-text-editor\" data-id=\"0bacc75\" data-element_type=\"widget\" data-e-type=\"widget\" data-widget_type=\"text-editor.default\">\n\t\t\t\t\t\t\t\t\t<p>Podemos actualizar esta Pol\u00edtica de Cookies de vez en cuando para reflejar los cambios en nuestras pr\u00e1cticas o por otras razones operativas, legales o reglamentarias. Visite esta p\u00e1gina con regularidad para mantenerse informado sobre el uso que hacemos de las cookies.<\/p>\t\t\t\t\t\t\t\t<\/div>\n\t\t\t\t<div class=\"elementor-element elementor-element-1294978 elementor-widget elementor-widget-heading\" data-id=\"1294978\" data-element_type=\"widget\" data-e-type=\"widget\" data-widget_type=\"heading.default\">\n\t\t\t\t\t<h2 class=\"elementor-heading-title elementor-size-default\">P\u00f3ngase en contacto con nosotros<\/h2>\t\t\t\t<\/div>\n\t\t\t\t<div class=\"elementor-element elementor-element-1573621 elementor-widget elementor-widget-text-editor\" data-id=\"1573621\" data-element_type=\"widget\" data-e-type=\"widget\" data-widget_type=\"text-editor.default\">\n\t\t\t\t\t\t\t\t\t<p>Si tiene alguna pregunta sobre nuestra Pol\u00edtica de Cookies, p\u00f3ngase en contacto con nosotros en:<\/p><p><strong>Equipo de soporte WooDo<\/strong><br \/>Correo electr\u00f3nico: <a rel=\"noopener\">info@woodobox.com<\/a><\/p>\t\t\t\t\t\t\t\t<\/div>\n\t\t\t\t<\/div>\n\t\t\t\t\t<\/div>\n\t\t\t\t<\/div>\n\t\t\t\t<\/div>","protected":false},"excerpt":{"rendered":"<p>Cookies Policy Introduction At WooDo, we use cookies and similar technologies to improve your experience on our website and to help us understand how our content is being used. This Cookie Policy explains what cookies are, how we use them, and your choices regarding their usage. By using our website, you agree to the use [&hellip;]<\/p>","protected":false},"author":1,"featured_media":0,"parent":0,"menu_order":0,"comment_status":"closed","ping_status":"closed","template":"","meta":{"_seopress_robots_primary_cat":"","_seopress_titles_title":"","_seopress_titles_desc":"","_seopress_robots_index":"","footnotes":""},"class_list":["post-23","page","type-page","status-publish","hentry"],"_links":{"self":[{"href":"https:\/\/woodobox.com\/es\/wp-json\/wp\/v2\/pages\/23","targetHints":{"allow":["GET"]}}],"collection":[{"href":"https:\/\/woodobox.com\/es\/wp-json\/wp\/v2\/pages"}],"about":[{"href":"https:\/\/woodobox.com\/es\/wp-json\/wp\/v2\/types\/page"}],"author":[{"embeddable":true,"href":"https:\/\/woodobox.com\/es\/wp-json\/wp\/v2\/users\/1"}],"replies":[{"embeddable":true,"href":"https:\/\/woodobox.com\/es\/wp-json\/wp\/v2\/comments?post=23"}],"version-history":[{"count":9,"href":"https:\/\/woodobox.com\/es\/wp-json\/wp\/v2\/pages\/23\/revisions"}],"predecessor-version":[{"id":391,"href":"https:\/\/woodobox.com\/es\/wp-json\/wp\/v2\/pages\/23\/revisions\/391"}],"wp:attachment":[{"href":"https:\/\/woodobox.com\/es\/wp-json\/wp\/v2\/media?parent=23"}],"curies":[{"name":"wp","href":"https:\/\/api.w.org\/{rel}","templated":true}]}}