{"id":21,"date":"2024-12-19T11:32:27","date_gmt":"2024-12-19T03:32:27","guid":{"rendered":"https:\/\/woodobox.com\/?page_id=21"},"modified":"2024-12-21T17:28:48","modified_gmt":"2024-12-21T09:28:48","slug":"politica-de-privacidad","status":"publish","type":"page","link":"https:\/\/woodobox.com\/es\/politica-de-privacidad\/","title":{"rendered":"Pol\u00edtica de privacidad"},"content":{"rendered":"<div data-elementor-type=\"wp-page\" data-elementor-id=\"21\" class=\"elementor elementor-21\" data-elementor-post-type=\"page\">\n\t\t\t\t<div class=\"elementor-element elementor-element-78ce7ec e-flex e-con-boxed e-con e-parent\" data-id=\"78ce7ec\" data-element_type=\"container\" data-e-type=\"container\" data-settings=\"{&quot;background_background&quot;:&quot;classic&quot;}\">\n\t\t\t\t\t<div class=\"e-con-inner\">\n\t\t<div class=\"elementor-element elementor-element-9dce3a9 e-con-full e-flex e-con e-child\" data-id=\"9dce3a9\" data-element_type=\"container\" data-e-type=\"container\" data-settings=\"{&quot;background_background&quot;:&quot;classic&quot;}\">\n\t\t\t\t<div class=\"elementor-element elementor-element-d200206 elementor-widget elementor-widget-heading\" data-id=\"d200206\" data-element_type=\"widget\" data-e-type=\"widget\" data-widget_type=\"heading.default\">\n\t\t\t\t\t<h1 class=\"elementor-heading-title elementor-size-default\">Pol\u00edtica de privacidad<\/h1>\t\t\t\t<\/div>\n\t\t\t\t<div class=\"elementor-element elementor-element-7a1c6e6 elementor-widget elementor-widget-heading\" data-id=\"7a1c6e6\" data-element_type=\"widget\" data-e-type=\"widget\" data-widget_type=\"heading.default\">\n\t\t\t\t\t<h2 class=\"elementor-heading-title elementor-size-default\">Introducci\u00f3n<\/h2>\t\t\t\t<\/div>\n\t\t\t\t<div class=\"elementor-element elementor-element-0a8e574 elementor-widget elementor-widget-text-editor\" data-id=\"0a8e574\" data-element_type=\"widget\" data-e-type=\"widget\" data-widget_type=\"text-editor.default\">\n\t\t\t\t\t\t\t\t\t<p>En WooDo, tu privacidad es una prioridad. Esta Pol\u00edtica de Privacidad explica c\u00f3mo recogemos, utilizamos, divulgamos y salvaguardamos tu informaci\u00f3n cuando visitas nuestro sitio web o utilizas nuestros servicios. Al acceder o utilizar nuestro sitio, usted acepta las pr\u00e1cticas descritas en esta pol\u00edtica.<\/p><p>Le rogamos que lea detenidamente esta pol\u00edtica. Si no est\u00e1 de acuerdo con las condiciones, no acceda ni utilice nuestros servicios.<\/p>\t\t\t\t\t\t\t\t<\/div>\n\t\t\t\t<div class=\"elementor-element elementor-element-1d020cd elementor-widget elementor-widget-heading\" data-id=\"1d020cd\" data-element_type=\"widget\" data-e-type=\"widget\" data-widget_type=\"heading.default\">\n\t\t\t\t\t<h2 class=\"elementor-heading-title elementor-size-default\">1. Informaci\u00f3n que recopilamos<\/h2>\t\t\t\t<\/div>\n\t\t\t\t<div class=\"elementor-element elementor-element-6f0946f elementor-widget elementor-widget-text-editor\" data-id=\"6f0946f\" data-element_type=\"widget\" data-e-type=\"widget\" data-widget_type=\"text-editor.default\">\n\t\t\t\t\t\t\t\t\t<p>Recopilamos varios tipos de informaci\u00f3n para prestarle y mejorar nuestros servicios.<\/p>\t\t\t\t\t\t\t\t<\/div>\n\t\t\t\t<div class=\"elementor-element elementor-element-853e0de elementor-widget elementor-widget-heading\" data-id=\"853e0de\" data-element_type=\"widget\" data-e-type=\"widget\" data-widget_type=\"heading.default\">\n\t\t\t\t\t<h4 class=\"elementor-heading-title elementor-size-default\">1.1 Informaci\u00f3n personal<\/h4>\t\t\t\t<\/div>\n\t\t\t\t<div class=\"elementor-element elementor-element-aa2f1e8 elementor-widget elementor-widget-text-editor\" data-id=\"aa2f1e8\" data-element_type=\"widget\" data-e-type=\"widget\" data-widget_type=\"text-editor.default\">\n\t\t\t\t\t\t\t\t\t<p>Cuando usted interact\u00faa con nosotros, podemos recopilar informaci\u00f3n personal que nos facilite voluntariamente, como por ejemplo<\/p><ul><li>Nombre<\/li><li>Direcci\u00f3n de correo electr\u00f3nico<\/li><li>N\u00famero de tel\u00e9fono<\/li><li>Datos de facturaci\u00f3n (si procede)<\/li><\/ul>\t\t\t\t\t\t\t\t<\/div>\n\t\t\t\t<div class=\"elementor-element elementor-element-14858a7 elementor-widget elementor-widget-heading\" data-id=\"14858a7\" data-element_type=\"widget\" data-e-type=\"widget\" data-widget_type=\"heading.default\">\n\t\t\t\t\t<h4 class=\"elementor-heading-title elementor-size-default\">1.2 Datos de uso<\/h4>\t\t\t\t<\/div>\n\t\t\t\t<div class=\"elementor-element elementor-element-2eb63d2 elementor-widget elementor-widget-text-editor\" data-id=\"2eb63d2\" data-element_type=\"widget\" data-e-type=\"widget\" data-widget_type=\"text-editor.default\">\n\t\t\t\t\t\t\t\t\t<p>Recopilamos informaci\u00f3n sobre c\u00f3mo accede y utiliza nuestro sitio web, por ejemplo<\/p><ul><li>Su direcci\u00f3n IP<\/li><li>Tipo y versi\u00f3n de navegador<\/li><li>Fecha y hora de la visita<\/li><li>P\u00e1ginas vistas<\/li><li>El tiempo pasado en esas p\u00e1ginas<\/li><li>Sitio de referencia (si procede)<\/li><\/ul>\t\t\t\t\t\t\t\t<\/div>\n\t\t\t\t<div class=\"elementor-element elementor-element-7980848 elementor-widget elementor-widget-heading\" data-id=\"7980848\" data-element_type=\"widget\" data-e-type=\"widget\" data-widget_type=\"heading.default\">\n\t\t\t\t\t<h4 class=\"elementor-heading-title elementor-size-default\">1.3 Cookies y tecnolog\u00edas de seguimiento<\/h4>\t\t\t\t<\/div>\n\t\t\t\t<div class=\"elementor-element elementor-element-621e926 elementor-widget elementor-widget-text-editor\" data-id=\"621e926\" data-element_type=\"widget\" data-e-type=\"widget\" data-widget_type=\"text-editor.default\">\n\t\t\t\t\t\t\t\t\t<p>Utilizamos cookies y tecnolog\u00edas de seguimiento similares para supervisar la actividad en nuestro sitio web y recopilar determinada informaci\u00f3n. Para m\u00e1s detalles sobre c\u00f3mo utilizamos las cookies, consulte nuestro <a href=\"#\" rel=\"noopener\">Pol\u00edtica de cookies<\/a>.<\/p>\t\t\t\t\t\t\t\t<\/div>\n\t\t\t\t<div class=\"elementor-element elementor-element-b2fde95 elementor-widget elementor-widget-heading\" data-id=\"b2fde95\" data-element_type=\"widget\" data-e-type=\"widget\" data-widget_type=\"heading.default\">\n\t\t\t\t\t<h2 class=\"elementor-heading-title elementor-size-default\">2. C\u00f3mo utilizamos su informaci\u00f3n<\/h2>\t\t\t\t<\/div>\n\t\t\t\t<div class=\"elementor-element elementor-element-5314c50 elementor-widget elementor-widget-text-editor\" data-id=\"5314c50\" data-element_type=\"widget\" data-e-type=\"widget\" data-widget_type=\"text-editor.default\">\n\t\t\t\t\t\t\t\t\t<p>Utilizamos la informaci\u00f3n que recopilamos de varias formas para prestar y mejorar nuestros servicios:<\/p>\t\t\t\t\t\t\t\t<\/div>\n\t\t\t\t<div class=\"elementor-element elementor-element-4648cd4 elementor-widget elementor-widget-heading\" data-id=\"4648cd4\" data-element_type=\"widget\" data-e-type=\"widget\" data-widget_type=\"heading.default\">\n\t\t\t\t\t<h4 class=\"elementor-heading-title elementor-size-default\">2.1 Prestar servicios<\/h4>\t\t\t\t<\/div>\n\t\t\t\t<div class=\"elementor-element elementor-element-91e8610 elementor-widget elementor-widget-text-editor\" data-id=\"91e8610\" data-element_type=\"widget\" data-e-type=\"widget\" data-widget_type=\"text-editor.default\">\n\t\t\t\t\t\t\t\t\t<ul><li>Tramitar sus solicitudes y pedidos<\/li><li>Comunicarnos con usted para informarle sobre nuestros servicios o responder a sus preguntas.<\/li><\/ul>\t\t\t\t\t\t\t\t<\/div>\n\t\t\t\t<div class=\"elementor-element elementor-element-5a40551 elementor-widget elementor-widget-heading\" data-id=\"5a40551\" data-element_type=\"widget\" data-e-type=\"widget\" data-widget_type=\"heading.default\">\n\t\t\t\t\t<h4 class=\"elementor-heading-title elementor-size-default\">2.2 Para an\u00e1lisis y mejoras<\/h4>\t\t\t\t<\/div>\n\t\t\t\t<div class=\"elementor-element elementor-element-dbed1e2 elementor-widget elementor-widget-text-editor\" data-id=\"dbed1e2\" data-element_type=\"widget\" data-e-type=\"widget\" data-widget_type=\"text-editor.default\">\n\t\t\t\t\t\t\t\t\t<ul><li>Analizar el tr\u00e1fico del sitio web y el comportamiento de los usuarios para mejorar nuestros contenidos y servicios.<\/li><li>Garantizar el funcionamiento eficaz y la seguridad del sitio web<\/li><\/ul>\t\t\t\t\t\t\t\t<\/div>\n\t\t\t\t<div class=\"elementor-element elementor-element-4429438 elementor-widget elementor-widget-heading\" data-id=\"4429438\" data-element_type=\"widget\" data-e-type=\"widget\" data-widget_type=\"heading.default\">\n\t\t\t\t\t<h4 class=\"elementor-heading-title elementor-size-default\">2.3 Con fines de marketing<\/h4>\t\t\t\t<\/div>\n\t\t\t\t<div class=\"elementor-element elementor-element-4b496ba elementor-widget elementor-widget-text-editor\" data-id=\"4b496ba\" data-element_type=\"widget\" data-e-type=\"widget\" data-widget_type=\"text-editor.default\">\n\t\t\t\t\t\t\t\t\t<ul><li>Enviarle boletines informativos, correos electr\u00f3nicos promocionales u otros materiales de marketing, pero s\u00f3lo si ha optado por recibirlos.<\/li><li>Personalizar la publicidad y los contenidos para que sean m\u00e1s relevantes para usted<\/li><\/ul>\t\t\t\t\t\t\t\t<\/div>\n\t\t\t\t<div class=\"elementor-element elementor-element-bfb6536 elementor-widget elementor-widget-heading\" data-id=\"bfb6536\" data-element_type=\"widget\" data-e-type=\"widget\" data-widget_type=\"heading.default\">\n\t\t\t\t\t<h4 class=\"elementor-heading-title elementor-size-default\">2.4 Cumplimiento legal<\/h4>\t\t\t\t<\/div>\n\t\t\t\t<div class=\"elementor-element elementor-element-19b2ebd elementor-widget elementor-widget-text-editor\" data-id=\"19b2ebd\" data-element_type=\"widget\" data-e-type=\"widget\" data-widget_type=\"text-editor.default\">\n\t\t\t\t\t\t\t\t\t<ul><li>Cumplir las leyes, reglamentos y procesos legales aplicables<\/li><li>Aplicar nuestras condiciones de servicio y nuestra pol\u00edtica de privacidad<\/li><\/ul>\t\t\t\t\t\t\t\t<\/div>\n\t\t\t\t<div class=\"elementor-element elementor-element-f06e8ca elementor-widget elementor-widget-heading\" data-id=\"f06e8ca\" data-element_type=\"widget\" data-e-type=\"widget\" data-widget_type=\"heading.default\">\n\t\t\t\t\t<h2 class=\"elementor-heading-title elementor-size-default\">3. C\u00f3mo compartimos su informaci\u00f3n<\/h2>\t\t\t\t<\/div>\n\t\t\t\t<div class=\"elementor-element elementor-element-524fe57 elementor-widget elementor-widget-text-editor\" data-id=\"524fe57\" data-element_type=\"widget\" data-e-type=\"widget\" data-widget_type=\"text-editor.default\">\n\t\t\t\t\t\t\t\t\t<p>No vendemos su informaci\u00f3n personal. Sin embargo, podemos compartir su informaci\u00f3n de las siguientes maneras:<\/p>\t\t\t\t\t\t\t\t<\/div>\n\t\t\t\t<div class=\"elementor-element elementor-element-857ba24 elementor-widget elementor-widget-heading\" data-id=\"857ba24\" data-element_type=\"widget\" data-e-type=\"widget\" data-widget_type=\"heading.default\">\n\t\t\t\t\t<h4 class=\"elementor-heading-title elementor-size-default\">3.1 Con los proveedores de servicios<\/h4>\t\t\t\t<\/div>\n\t\t\t\t<div class=\"elementor-element elementor-element-c8e5943 elementor-widget elementor-widget-text-editor\" data-id=\"c8e5943\" data-element_type=\"widget\" data-e-type=\"widget\" data-widget_type=\"text-editor.default\">\n\t\t\t\t\t\t\t\t\t<p>Podemos compartir su informaci\u00f3n con terceros proveedores de servicios de confianza que nos ayudan a operar nuestro sitio web, procesar pagos, analizar datos y realizar otras funciones necesarias para nuestros servicios. Estas partes est\u00e1n vinculadas por acuerdos de confidencialidad y solo utilizan sus datos en la medida necesaria para prestar sus servicios.<\/p>\t\t\t\t\t\t\t\t<\/div>\n\t\t\t\t<div class=\"elementor-element elementor-element-da83232 elementor-widget elementor-widget-heading\" data-id=\"da83232\" data-element_type=\"widget\" data-e-type=\"widget\" data-widget_type=\"heading.default\">\n\t\t\t\t\t<h4 class=\"elementor-heading-title elementor-size-default\">3.2 Por razones jur\u00eddicas<\/h4>\t\t\t\t<\/div>\n\t\t\t\t<div class=\"elementor-element elementor-element-29ded47 elementor-widget elementor-widget-text-editor\" data-id=\"29ded47\" data-element_type=\"widget\" data-e-type=\"widget\" data-widget_type=\"text-editor.default\">\n\t\t\t\t\t\t\t\t\t<p>Podemos revelar su informaci\u00f3n si as\u00ed lo exige la ley o en respuesta a solicitudes v\u00e1lidas de las autoridades p\u00fablicas (por ejemplo, tribunales o agencias gubernamentales).<\/p>\t\t\t\t\t\t\t\t<\/div>\n\t\t\t\t<div class=\"elementor-element elementor-element-951d32c elementor-widget elementor-widget-heading\" data-id=\"951d32c\" data-element_type=\"widget\" data-e-type=\"widget\" data-widget_type=\"heading.default\">\n\t\t\t\t\t<h4 class=\"elementor-heading-title elementor-size-default\">3.3 Transferencias de empresas<\/h4>\t\t\t\t<\/div>\n\t\t\t\t<div class=\"elementor-element elementor-element-2bdbb72 elementor-widget elementor-widget-text-editor\" data-id=\"2bdbb72\" data-element_type=\"widget\" data-e-type=\"widget\" data-widget_type=\"text-editor.default\">\n\t\t\t\t\t\t\t\t\t<p>En caso de fusi\u00f3n, adquisici\u00f3n o venta de todo o parte de nuestro negocio, su informaci\u00f3n puede ser transferida como parte de esa transacci\u00f3n. Le notificaremos dicho cambio de propiedad o control de sus datos personales.<\/p>\t\t\t\t\t\t\t\t<\/div>\n\t\t\t\t<div class=\"elementor-element elementor-element-1cf9bd4 elementor-widget elementor-widget-heading\" data-id=\"1cf9bd4\" data-element_type=\"widget\" data-e-type=\"widget\" data-widget_type=\"heading.default\">\n\t\t\t\t\t<h2 class=\"elementor-heading-title elementor-size-default\">4. C\u00f3mo protegemos su informaci\u00f3n<\/h2>\t\t\t\t<\/div>\n\t\t\t\t<div class=\"elementor-element elementor-element-1fb3592 elementor-widget elementor-widget-text-editor\" data-id=\"1fb3592\" data-element_type=\"widget\" data-e-type=\"widget\" data-widget_type=\"text-editor.default\">\n\t\t\t\t\t\t\t\t\t<p>Nos tomamos muy en serio la seguridad de su informaci\u00f3n personal. Utilizamos medidas de seguridad administrativas, t\u00e9cnicas y f\u00edsicas para proteger sus datos del acceso, uso o divulgaci\u00f3n no autorizados. Sin embargo, ning\u00fan m\u00e9todo de transmisi\u00f3n por Internet o de almacenamiento electr\u00f3nico es 100% seguro, y no podemos garantizar una seguridad absoluta.<\/p>\t\t\t\t\t\t\t\t<\/div>\n\t\t\t\t<div class=\"elementor-element elementor-element-755a31e elementor-widget elementor-widget-heading\" data-id=\"755a31e\" data-element_type=\"widget\" data-e-type=\"widget\" data-widget_type=\"heading.default\">\n\t\t\t\t\t<h2 class=\"elementor-heading-title elementor-size-default\">5. Sus derechos sobre los datos<\/h2>\t\t\t\t<\/div>\n\t\t\t\t<div class=\"elementor-element elementor-element-4681a05 elementor-widget elementor-widget-text-editor\" data-id=\"4681a05\" data-element_type=\"widget\" data-e-type=\"widget\" data-widget_type=\"text-editor.default\">\n\t\t\t\t\t\t\t\t\t<p>Dependiendo de su ubicaci\u00f3n, usted puede tener ciertos derechos sobre sus datos personales. Estos derechos pueden incluir:<\/p>\t\t\t\t\t\t\t\t<\/div>\n\t\t\t\t<div class=\"elementor-element elementor-element-e4e3bfa elementor-widget elementor-widget-heading\" data-id=\"e4e3bfa\" data-element_type=\"widget\" data-e-type=\"widget\" data-widget_type=\"heading.default\">\n\t\t\t\t\t<h4 class=\"elementor-heading-title elementor-size-default\">5.1 Acceso y correcci\u00f3n<\/h4>\t\t\t\t<\/div>\n\t\t\t\t<div class=\"elementor-element elementor-element-f94d4cb elementor-widget elementor-widget-text-editor\" data-id=\"f94d4cb\" data-element_type=\"widget\" data-e-type=\"widget\" data-widget_type=\"text-editor.default\">\n\t\t\t\t\t\t\t\t\t<p>Tiene derecho a solicitar una copia de los datos personales que tenemos sobre usted y a solicitar correcciones si hay inexactitudes.<\/p>\t\t\t\t\t\t\t\t<\/div>\n\t\t\t\t<div class=\"elementor-element elementor-element-da095d8 elementor-widget elementor-widget-heading\" data-id=\"da095d8\" data-element_type=\"widget\" data-e-type=\"widget\" data-widget_type=\"heading.default\">\n\t\t\t\t\t<h4 class=\"elementor-heading-title elementor-size-default\">5.2 Supresi\u00f3n (derecho al olvido)<\/h4>\t\t\t\t<\/div>\n\t\t\t\t<div class=\"elementor-element elementor-element-0447a24 elementor-widget elementor-widget-text-editor\" data-id=\"0447a24\" data-element_type=\"widget\" data-e-type=\"widget\" data-widget_type=\"text-editor.default\">\n\t\t\t\t\t\t\t\t\t<p>Puede solicitar que eliminemos sus datos personales, siempre que no existan obligaciones legales que nos obliguen a conservarlos.<\/p>\t\t\t\t\t\t\t\t<\/div>\n\t\t\t\t<div class=\"elementor-element elementor-element-25f99ff elementor-widget elementor-widget-heading\" data-id=\"25f99ff\" data-element_type=\"widget\" data-e-type=\"widget\" data-widget_type=\"heading.default\">\n\t\t\t\t\t<h4 class=\"elementor-heading-title elementor-size-default\">5.3 Portabilidad de datos<\/h4>\t\t\t\t<\/div>\n\t\t\t\t<div class=\"elementor-element elementor-element-708ca8a elementor-widget elementor-widget-text-editor\" data-id=\"708ca8a\" data-element_type=\"widget\" data-e-type=\"widget\" data-widget_type=\"text-editor.default\">\n\t\t\t\t\t\t\t\t\t<p>Tiene derecho a solicitar que transfiramos sus datos a otro responsable del tratamiento, siempre que sea posible.<\/p>\t\t\t\t\t\t\t\t<\/div>\n\t\t\t\t<div class=\"elementor-element elementor-element-3cd57ed elementor-widget elementor-widget-heading\" data-id=\"3cd57ed\" data-element_type=\"widget\" data-e-type=\"widget\" data-widget_type=\"heading.default\">\n\t\t\t\t\t<h4 class=\"elementor-heading-title elementor-size-default\">5.4 Exclusi\u00f3n voluntaria de comunicaciones comerciales<\/h4>\t\t\t\t<\/div>\n\t\t\t\t<div class=\"elementor-element elementor-element-a3cfadd elementor-widget elementor-widget-text-editor\" data-id=\"a3cfadd\" data-element_type=\"widget\" data-e-type=\"widget\" data-widget_type=\"text-editor.default\">\n\t\t\t\t\t\t\t\t\t<p>Puede darse de baja de los correos electr\u00f3nicos de marketing u otras comunicaciones en cualquier momento siguiendo el enlace para darse de baja que aparece en el correo electr\u00f3nico o poni\u00e9ndose en contacto con nosotros directamente.<\/p>\t\t\t\t\t\t\t\t<\/div>\n\t\t\t\t<div class=\"elementor-element elementor-element-7aa9fdc elementor-widget elementor-widget-heading\" data-id=\"7aa9fdc\" data-element_type=\"widget\" data-e-type=\"widget\" data-widget_type=\"heading.default\">\n\t\t\t\t\t<h2 class=\"elementor-heading-title elementor-size-default\">6. Enlaces de terceros<\/h2>\t\t\t\t<\/div>\n\t\t\t\t<div class=\"elementor-element elementor-element-115d919 elementor-widget elementor-widget-text-editor\" data-id=\"115d919\" data-element_type=\"widget\" data-e-type=\"widget\" data-widget_type=\"text-editor.default\">\n\t\t\t\t\t\t\t\t\t<p>Nuestro sitio web puede contener enlaces a otros sitios web no gestionados por nosotros. Si hace clic en un enlace de terceros, ser\u00e1 dirigido a ese sitio web. Le recomendamos encarecidamente que revise las pol\u00edticas de privacidad de los sitios o servicios de terceros que visite. No somos responsables del contenido, las pr\u00e1cticas de privacidad o cualquier otro aspecto de los sitios web de terceros.<\/p>\t\t\t\t\t\t\t\t<\/div>\n\t\t\t\t<div class=\"elementor-element elementor-element-289cce8 elementor-widget elementor-widget-heading\" data-id=\"289cce8\" data-element_type=\"widget\" data-e-type=\"widget\" data-widget_type=\"heading.default\">\n\t\t\t\t\t<h2 class=\"elementor-heading-title elementor-size-default\">7. Privacidad de los ni\u00f1os<\/h2>\t\t\t\t<\/div>\n\t\t\t\t<div class=\"elementor-element elementor-element-aeb21f2 elementor-widget elementor-widget-text-editor\" data-id=\"aeb21f2\" data-element_type=\"widget\" data-e-type=\"widget\" data-widget_type=\"text-editor.default\">\n\t\t\t\t\t\t\t\t\t<p>Nuestros servicios no est\u00e1n destinados a personas menores de 13 a\u00f1os, y no recopilamos conscientemente informaci\u00f3n personal de ni\u00f1os menores de 13 a\u00f1os. Si descubrimos que un menor de 13 a\u00f1os nos ha proporcionado datos personales, los eliminaremos inmediatamente.<\/p>\t\t\t\t\t\t\t\t<\/div>\n\t\t\t\t<div class=\"elementor-element elementor-element-5c5c3fb elementor-widget elementor-widget-heading\" data-id=\"5c5c3fb\" data-element_type=\"widget\" data-e-type=\"widget\" data-widget_type=\"heading.default\">\n\t\t\t\t\t<h2 class=\"elementor-heading-title elementor-size-default\">8. Cambios en esta pol\u00edtica de privacidad<\/h2>\t\t\t\t<\/div>\n\t\t\t\t<div class=\"elementor-element elementor-element-4ac6917 elementor-widget elementor-widget-text-editor\" data-id=\"4ac6917\" data-element_type=\"widget\" data-e-type=\"widget\" data-widget_type=\"text-editor.default\">\n\t\t\t\t\t\t\t\t\t<p>Podemos actualizar nuestra Pol\u00edtica de Privacidad de vez en cuando para reflejar cambios en nuestras pr\u00e1cticas o requisitos legales. Cualquier cambio se publicar\u00e1 en esta p\u00e1gina, y la fecha de la \u00faltima revisi\u00f3n se actualizar\u00e1 en la parte superior de esta pol\u00edtica. Le recomendamos que revise peri\u00f3dicamente esta pol\u00edtica para comprobar si se ha producido alguna actualizaci\u00f3n.<\/p>\t\t\t\t\t\t\t\t<\/div>\n\t\t\t\t<div class=\"elementor-element elementor-element-569dc2d elementor-widget elementor-widget-heading\" data-id=\"569dc2d\" data-element_type=\"widget\" data-e-type=\"widget\" data-widget_type=\"heading.default\">\n\t\t\t\t\t<h2 class=\"elementor-heading-title elementor-size-default\">9. Contacto<\/h2>\t\t\t\t<\/div>\n\t\t\t\t<div class=\"elementor-element elementor-element-73ef74c elementor-widget elementor-widget-text-editor\" data-id=\"73ef74c\" data-element_type=\"widget\" data-e-type=\"widget\" data-widget_type=\"text-editor.default\">\n\t\t\t\t\t\t\t\t\t<p>Si tiene alguna pregunta o duda sobre esta Pol\u00edtica de privacidad o sobre c\u00f3mo tratamos sus datos, p\u00f3ngase en contacto con nosotros en:<\/p><p><strong>Equipo de soporte WooDo<\/strong><br \/>Correo electr\u00f3nico: <a rel=\"noopener\">info@woodobox.com<\/a><\/p>\t\t\t\t\t\t\t\t<\/div>\n\t\t\t\t<\/div>\n\t\t\t\t\t<\/div>\n\t\t\t\t<\/div>\n\t\t\t\t<\/div>","protected":false},"excerpt":{"rendered":"<p>Pol\u00edtica de privacidad Introducci\u00f3n En WooDo, su privacidad es una prioridad. Esta Pol\u00edtica de Privacidad explica c\u00f3mo recogemos, utilizamos, revelamos y salvaguardamos tu informaci\u00f3n cuando visitas nuestro sitio web o utilizas nuestros servicios. Al acceder o utilizar nuestro sitio, usted acepta las pr\u00e1cticas descritas en esta pol\u00edtica. Por favor, t\u00f3mese su tiempo para revisar esta [...]<\/p>","protected":false},"author":1,"featured_media":0,"parent":0,"menu_order":0,"comment_status":"closed","ping_status":"closed","template":"","meta":{"_seopress_robots_primary_cat":"","_seopress_titles_title":"","_seopress_titles_desc":"","_seopress_robots_index":"","footnotes":""},"class_list":["post-21","page","type-page","status-publish","hentry"],"_links":{"self":[{"href":"https:\/\/woodobox.com\/es\/wp-json\/wp\/v2\/pages\/21","targetHints":{"allow":["GET"]}}],"collection":[{"href":"https:\/\/woodobox.com\/es\/wp-json\/wp\/v2\/pages"}],"about":[{"href":"https:\/\/woodobox.com\/es\/wp-json\/wp\/v2\/types\/page"}],"author":[{"embeddable":true,"href":"https:\/\/woodobox.com\/es\/wp-json\/wp\/v2\/users\/1"}],"replies":[{"embeddable":true,"href":"https:\/\/woodobox.com\/es\/wp-json\/wp\/v2\/comments?post=21"}],"version-history":[{"count":7,"href":"https:\/\/woodobox.com\/es\/wp-json\/wp\/v2\/pages\/21\/revisions"}],"predecessor-version":[{"id":388,"href":"https:\/\/woodobox.com\/es\/wp-json\/wp\/v2\/pages\/21\/revisions\/388"}],"wp:attachment":[{"href":"https:\/\/woodobox.com\/es\/wp-json\/wp\/v2\/media?parent=21"}],"curies":[{"name":"wp","href":"https:\/\/api.w.org\/{rel}","templated":true}]}}