{"id":13,"date":"2024-12-19T11:31:44","date_gmt":"2024-12-19T03:31:44","guid":{"rendered":"https:\/\/woodobox.com\/?page_id=13"},"modified":"2026-04-23T23:56:08","modified_gmt":"2026-04-23T15:56:08","slug":"acerca-de","status":"publish","type":"page","link":"https:\/\/woodobox.com\/es\/acerca-de\/","title":{"rendered":"About"},"content":{"rendered":"<div data-elementor-type=\"wp-page\" data-elementor-id=\"13\" class=\"elementor elementor-13\" data-elementor-post-type=\"page\">\n\t\t\t\t<div class=\"elementor-element elementor-element-5b8c38d e-flex e-con-boxed e-con e-parent\" data-id=\"5b8c38d\" data-element_type=\"container\" data-e-type=\"container\" data-settings=\"{&quot;background_background&quot;:&quot;classic&quot;}\">\n\t\t\t\t\t<div class=\"e-con-inner\">\n\t\t<div class=\"elementor-element elementor-element-9bb749b e-con-full e-flex e-con e-child\" data-id=\"9bb749b\" data-element_type=\"container\" data-e-type=\"container\">\n\t\t\t\t<div class=\"elementor-element elementor-element-8ee59e9 elementor-widget elementor-widget-heading\" data-id=\"8ee59e9\" data-element_type=\"widget\" data-e-type=\"widget\" data-settings=\"{&quot;_animation&quot;:&quot;none&quot;,&quot;_animation_delay&quot;:200}\" data-widget_type=\"heading.default\">\n\t\t\t\t\t<h1 class=\"elementor-heading-title elementor-size-default\">Qui\u00e9nes somos<\/h1>\t\t\t\t<\/div>\n\t\t\t\t<\/div>\n\t\t\t\t\t<\/div>\n\t\t\t\t<\/div>\n\t\t<div class=\"elementor-element elementor-element-cb3f085 e-flex e-con-boxed e-con e-parent\" data-id=\"cb3f085\" data-element_type=\"container\" data-e-type=\"container\">\n\t\t\t\t\t<div class=\"e-con-inner\">\n\t\t\t\t<div class=\"elementor-element elementor-element-43f0941 elementor-widget elementor-widget-heading\" data-id=\"43f0941\" data-element_type=\"widget\" data-e-type=\"widget\" data-widget_type=\"heading.default\">\n\t\t\t\t\t<h2 class=\"elementor-heading-title elementor-size-default\">Cajas de madera personalizadas para su marca<\/h2>\t\t\t\t<\/div>\n\t\t\t\t<div class=\"elementor-element elementor-element-63803a1 elementor-widget__width-initial elementor-widget elementor-widget-text-editor\" data-id=\"63803a1\" data-element_type=\"widget\" data-e-type=\"widget\" data-widget_type=\"text-editor.default\">\n\t\t\t\t\t\t\t\t\t<p>\u00a1Somos Motyirls! Llevamos desde 2007 creando cajas de madera personalizadas que ayudan a empresas como la suya a destacar. Desde un embalaje elegante hasta un pr\u00e1ctico almacenamiento, estamos aqu\u00ed para asegurarnos de que sus productos tengan el mejor aspecto. T\u00fa c\u00e9ntrate en hacer crecer tu negocio y nosotros nos ocuparemos de tus necesidades de embalaje.<\/p>\t\t\t\t\t\t\t\t<\/div>\n\t\t\t\t\t<\/div>\n\t\t\t\t<\/div>\n\t\t<div class=\"elementor-element elementor-element-29d25d8 e-flex e-con-boxed e-con e-parent\" data-id=\"29d25d8\" data-element_type=\"container\" data-e-type=\"container\">\n\t\t\t\t\t<div class=\"e-con-inner\">\n\t\t<div class=\"elementor-element elementor-element-3331f16 e-con-full e-flex e-con e-child\" data-id=\"3331f16\" data-element_type=\"container\" data-e-type=\"container\">\n\t\t\t\t<div class=\"elementor-element elementor-element-43a90d0 elementor-widget elementor-widget-heading\" data-id=\"43a90d0\" data-element_type=\"widget\" data-e-type=\"widget\" data-widget_type=\"heading.default\">\n\t\t\t\t\t<h3 class=\"elementor-heading-title elementor-size-default\">Qu\u00e9 ofrecemos\n<\/h3>\t\t\t\t<\/div>\n\t\t\t\t<div class=\"elementor-element elementor-element-7c73219 elementor-widget elementor-widget-text-editor\" data-id=\"7c73219\" data-element_type=\"widget\" data-e-type=\"widget\" data-widget_type=\"text-editor.default\">\n\t\t\t\t\t\t\t\t\t<p>Fabricamos joyeros, cajas para relojes, cajas para puros y cajas de regalo, y si tiene algo m\u00e1s en mente, \u00a1estaremos encantados de personalizarlo para usted! Nuestras cajas de madera est\u00e1n dise\u00f1adas para ser resistentes, elegantes y perfectas para exhibir sus productos.<\/p><p>Tanto si se trata de una caja de regalo de lujo para clientes especiales como de una caja dise\u00f1ada a medida para sus productos exclusivos, trabajaremos con usted para crear algo que se adapte perfectamente a su marca.<\/p>\t\t\t\t\t\t\t\t<\/div>\n\t\t\t\t<\/div>\n\t\t<div class=\"elementor-element elementor-element-afcc3d3 e-con-full e-flex e-con e-child\" data-id=\"afcc3d3\" data-element_type=\"container\" data-e-type=\"container\">\n\t\t\t\t<div class=\"elementor-element elementor-element-f36720d elementor-widget elementor-widget-image\" data-id=\"f36720d\" data-element_type=\"widget\" data-e-type=\"widget\" data-widget_type=\"image.default\">\n\t\t\t\t\t\t\t\t\t\t\t\t\t\t\t<img fetchpriority=\"high\" decoding=\"async\" width=\"1600\" height=\"900\" src=\"https:\/\/woodobox.com\/wp-content\/uploads\/2025\/01\/Sdba782aa4d83426ea7c81e9929a11a75a.jpg\" class=\"attachment-full size-full wp-image-955\" alt=\"Moderna sala de exposici\u00f3n que muestra una amplia variedad de cajas de madera de lujo sobre elegantes mostradores blancos con estanter\u00edas iluminadas al fondo.\" srcset=\"https:\/\/woodobox.com\/wp-content\/uploads\/2025\/01\/Sdba782aa4d83426ea7c81e9929a11a75a.jpg 1600w, https:\/\/woodobox.com\/wp-content\/uploads\/2025\/01\/Sdba782aa4d83426ea7c81e9929a11a75a-300x169.jpg 300w, https:\/\/woodobox.com\/wp-content\/uploads\/2025\/01\/Sdba782aa4d83426ea7c81e9929a11a75a-1024x576.jpg 1024w, https:\/\/woodobox.com\/wp-content\/uploads\/2025\/01\/Sdba782aa4d83426ea7c81e9929a11a75a-768x432.jpg 768w, https:\/\/woodobox.com\/wp-content\/uploads\/2025\/01\/Sdba782aa4d83426ea7c81e9929a11a75a-1536x864.jpg 1536w\" sizes=\"(max-width: 1600px) 100vw, 1600px\" \/>\t\t\t\t\t\t\t\t\t\t\t\t\t\t\t<\/div>\n\t\t\t\t<\/div>\n\t\t\t\t\t<\/div>\n\t\t\t\t<\/div>\n\t\t<div class=\"elementor-element elementor-element-a72822e e-flex e-con-boxed e-con e-parent\" data-id=\"a72822e\" data-element_type=\"container\" data-e-type=\"container\">\n\t\t\t\t\t<div class=\"e-con-inner\">\n\t\t<div class=\"elementor-element elementor-element-8036023 e-con-full e-flex e-con e-child\" data-id=\"8036023\" data-element_type=\"container\" data-e-type=\"container\">\n\t\t\t\t<div class=\"elementor-element elementor-element-77d9eca elementor-widget elementor-widget-image\" data-id=\"77d9eca\" data-element_type=\"widget\" data-e-type=\"widget\" data-widget_type=\"image.default\">\n\t\t\t\t\t\t\t\t\t\t\t\t\t\t\t<img decoding=\"async\" width=\"800\" height=\"534\" src=\"https:\/\/woodobox.com\/wp-content\/uploads\/2024\/12\/kn_kvidcha0-1024x684.jpg\" class=\"attachment-large size-large wp-image-406\" alt=\"Oficina luminosa y espaciosa con empleados trabajando en mesas, con grandes ventanales y una distribuci\u00f3n moderna y abierta.\" srcset=\"https:\/\/woodobox.com\/wp-content\/uploads\/2024\/12\/kn_kvidcha0-1024x684.jpg 1024w, https:\/\/woodobox.com\/wp-content\/uploads\/2024\/12\/kn_kvidcha0-300x200.jpg 300w, https:\/\/woodobox.com\/wp-content\/uploads\/2024\/12\/kn_kvidcha0-768x513.jpg 768w, https:\/\/woodobox.com\/wp-content\/uploads\/2024\/12\/kn_kvidcha0-1536x1025.jpg 1536w, https:\/\/woodobox.com\/wp-content\/uploads\/2024\/12\/kn_kvidcha0.jpg 1600w\" sizes=\"(max-width: 800px) 100vw, 800px\" \/>\t\t\t\t\t\t\t\t\t\t\t\t\t\t\t<\/div>\n\t\t\t\t<\/div>\n\t\t<div class=\"elementor-element elementor-element-3b53cd9 e-con-full e-flex e-con e-child\" data-id=\"3b53cd9\" data-element_type=\"container\" data-e-type=\"container\">\n\t\t\t\t<div class=\"elementor-element elementor-element-d1bca53 elementor-widget elementor-widget-heading\" data-id=\"d1bca53\" data-element_type=\"widget\" data-e-type=\"widget\" data-widget_type=\"heading.default\">\n\t\t\t\t\t<h3 class=\"elementor-heading-title elementor-size-default\">Por qu\u00e9 trabajar con nosotros<\/h3>\t\t\t\t<\/div>\n\t\t\t\t<div class=\"elementor-element elementor-element-06a64bd elementor-widget elementor-widget-text-editor\" data-id=\"06a64bd\" data-element_type=\"widget\" data-e-type=\"widget\" data-widget_type=\"text-editor.default\">\n\t\t\t\t\t\t\t\t\t<p>He aqu\u00ed por qu\u00e9 empresas de todo el mundo nos conf\u00edan sus envases:<\/p><ul><li><strong>Calidad de primera<\/strong>: Cada caja se elabora con esmero y atenci\u00f3n al detalle.<\/li><li><strong>Opciones ecol\u00f3gicas<\/strong>: Utilizamos materiales sostenibles para reducir el impacto ambiental.<\/li><li><strong>Enviamos a todo el mundo<\/strong>: Est\u00e9 donde est\u00e9, le haremos llegar su pedido a tiempo.<\/li><li><strong>Servicio fiable<\/strong>: Pedidos grandes o peque\u00f1os, le entregamos exactamente lo que necesita.\u00a0<\/li><\/ul><div>\u00a0<\/div><p>Cuando trabaja con nosotros, no obtiene simplemente una caja, sino un producto que representa su marca de la mejor manera posible.<\/p>\t\t\t\t\t\t\t\t<\/div>\n\t\t\t\t<\/div>\n\t\t\t\t\t<\/div>\n\t\t\t\t<\/div>\n\t\t<div class=\"elementor-element elementor-element-c2e9849 e-flex e-con-boxed e-con e-parent\" data-id=\"c2e9849\" data-element_type=\"container\" data-e-type=\"container\" data-settings=\"{&quot;background_background&quot;:&quot;classic&quot;}\">\n\t\t\t\t\t<div class=\"e-con-inner\">\n\t\t<div class=\"elementor-element elementor-element-0175614 e-con-full e-flex e-con e-child\" data-id=\"0175614\" data-element_type=\"container\" data-e-type=\"container\">\n\t\t\t\t<div class=\"elementor-element elementor-element-cf3a709 elementor-widget elementor-widget-heading\" data-id=\"cf3a709\" data-element_type=\"widget\" data-e-type=\"widget\" data-widget_type=\"heading.default\">\n\t\t\t\t\t<h2 class=\"elementor-heading-title elementor-size-default\">P\u00f3ngase en contacto con nuestro equipo<\/h2>\t\t\t\t<\/div>\n\t\t\t\t<div class=\"elementor-element elementor-element-ec99773 elementor-widget__width-initial elementor-widget elementor-widget-text-editor\" data-id=\"ec99773\" data-element_type=\"widget\" data-e-type=\"widget\" data-widget_type=\"text-editor.default\">\n\t\t\t\t\t\t\t\t\t<p>As\u00f3ciese con Motyirls para obtener envases de madera personalizados que destaquen. P\u00f3ngase en contacto con nosotros hoy mismo para hablar de su proyecto y descubrir c\u00f3mo podemos hacer realidad su visi\u00f3n.<\/p>\t\t\t\t\t\t\t\t<\/div>\n\t\t\t\t<div class=\"elementor-element elementor-element-251e202 elementor-widget elementor-widget-button\" data-id=\"251e202\" data-element_type=\"widget\" data-e-type=\"widget\" data-widget_type=\"button.default\">\n\t\t\t\t\t\t\t\t\t\t<a class=\"elementor-button elementor-button-link elementor-size-sm\" href=\"#elementor-action%3Aaction%3Dpopup%3Aopen%26settings%3DeyJpZCI6IjI2MSIsInRvZ2dsZSI6ZmFsc2V9\">\n\t\t\t\t\t\t<span class=\"elementor-button-content-wrapper\">\n\t\t\t\t\t\t\t\t\t<span class=\"elementor-button-text\">SOLICITAR PRESUPUESTO<\/span>\n\t\t\t\t\t<\/span>\n\t\t\t\t\t<\/a>\n\t\t\t\t\t\t\t\t<\/div>\n\t\t\t\t<\/div>\n\t\t\t\t\t<\/div>\n\t\t\t\t<\/div>\n\t\t\t\t<\/div>","protected":false},"excerpt":{"rendered":"<p>About Us Custom Wooden Boxes for Your Brand We\u2019re Motyirls! Since 2007, we\u2019ve been creating custom wooden boxes that help businesses like yours stand out. From elegant packaging to practical storage, we\u2019re here to make sure your products look their best. You focus on growing your business, and we\u2019ll take care of your packaging needs. [&hellip;]<\/p>","protected":false},"author":1,"featured_media":0,"parent":0,"menu_order":0,"comment_status":"closed","ping_status":"closed","template":"","meta":{"_seopress_robots_primary_cat":"","_seopress_titles_title":"","_seopress_titles_desc":"","_seopress_robots_index":"","footnotes":""},"class_list":["post-13","page","type-page","status-publish","hentry"],"_links":{"self":[{"href":"https:\/\/woodobox.com\/es\/wp-json\/wp\/v2\/pages\/13","targetHints":{"allow":["GET"]}}],"collection":[{"href":"https:\/\/woodobox.com\/es\/wp-json\/wp\/v2\/pages"}],"about":[{"href":"https:\/\/woodobox.com\/es\/wp-json\/wp\/v2\/types\/page"}],"author":[{"embeddable":true,"href":"https:\/\/woodobox.com\/es\/wp-json\/wp\/v2\/users\/1"}],"replies":[{"embeddable":true,"href":"https:\/\/woodobox.com\/es\/wp-json\/wp\/v2\/comments?post=13"}],"version-history":[{"count":26,"href":"https:\/\/woodobox.com\/es\/wp-json\/wp\/v2\/pages\/13\/revisions"}],"predecessor-version":[{"id":545,"href":"https:\/\/woodobox.com\/es\/wp-json\/wp\/v2\/pages\/13\/revisions\/545"}],"wp:attachment":[{"href":"https:\/\/woodobox.com\/es\/wp-json\/wp\/v2\/media?parent=13"}],"curies":[{"name":"wp","href":"https:\/\/api.w.org\/{rel}","templated":true}]}}